{"id":209,"date":"2025-06-02T20:11:54","date_gmt":"2025-06-02T20:11:54","guid":{"rendered":"https:\/\/zukunftsrat-zentrum.ch\/?page_id=209"},"modified":"2025-06-08T20:54:06","modified_gmt":"2025-06-08T20:54:06","slug":"zkrz-home","status":"publish","type":"page","link":"https:\/\/zukunftsrat-zentrum.ch\/","title":{"rendered":"Home"},"content":{"rendered":"\n<div class=\"wp-block-group mein-padding is-vertical is-content-justification-center is-layout-flex wp-container-core-group-is-layout-e802a8b2 wp-block-group-is-layout-flex\" style=\"padding-top:0;padding-right:0;padding-bottom:0;padding-left:0\">\n<h2 class=\"wp-block-heading is-style-text-display has-x-large-font-size is-style-text-display--1\">Zukunftsrat Zentrum<\/h2>\n\n\n\n<figure class=\"wp-block-image size-full is-resized has-custom-border is-style-default wp-duotone-unset-2\" style=\"margin-top:var(--wp--preset--spacing--50);margin-right:0;margin-bottom:var(--wp--preset--spacing--50);margin-left:0\"><img loading=\"lazy\" decoding=\"async\" width=\"1000\" height=\"398\" src=\"https:\/\/zukunftsrat-zentrum.ch\/wp-content\/uploads\/2025\/06\/Titelbild_flach.jpeg\" alt=\"\" class=\"wp-image-466\" style=\"border-style:none;border-width:0px;width:1340px\" srcset=\"https:\/\/zukunftsrat-zentrum.ch\/wp-content\/uploads\/2025\/06\/Titelbild_flach.jpeg 1000w, https:\/\/zukunftsrat-zentrum.ch\/wp-content\/uploads\/2025\/06\/Titelbild_flach-300x119.jpeg 300w, https:\/\/zukunftsrat-zentrum.ch\/wp-content\/uploads\/2025\/06\/Titelbild_flach-768x306.jpeg 768w\" sizes=\"auto, (max-width: 1000px) 100vw, 1000px\" \/><\/figure>\n\n\n\n<p class=\"has-text-align-left is-style-default\" style=\"padding-right:0;padding-left:0\">Wir setzen uns leidenschaftlich daf\u00fcr ein, die Empfehlungen des <a href=\"https:\/\/zukunfts-rat.ch\/\">Zukunftsrates <\/a>umzusetzen und die Lebensqualit\u00e4t junger Menschen nachhaltig zu verbessern. <br>Durch unsere Teilnahme an Veranstaltungen und unseren Dialog mit Entscheidungstr\u00e4gern tragen wir dazu bei, dass die Stimme der jungen Menschen geh\u00f6rt und ber\u00fccksichtigt wird.<\/p>\n<\/div>\n","protected":false},"excerpt":{"rendered":"<p>Zukunftsrat Zentrum Wir setzen uns leidenschaftlich daf\u00fcr ein, die Empfehlungen des Zukunftsrates umzusetzen und die Lebensqualit\u00e4t junger Menschen nachhaltig zu verbessern. Durch unsere Teilnahme an Veranstaltungen und unseren Dialog mit Entscheidungstr\u00e4gern tragen wir dazu bei, dass die Stimme der jungen Menschen geh\u00f6rt und ber\u00fccksichtigt wird.<\/p>\n","protected":false},"author":3,"featured_media":0,"parent":0,"menu_order":0,"comment_status":"closed","ping_status":"closed","template":"page-no-title","meta":{"footnotes":""},"class_list":["post-209","page","type-page","status-publish","hentry"],"yoast_head":"<!-- This site is optimized with the Yoast SEO plugin v25.2 - https:\/\/yoast.com\/wordpress\/plugins\/seo\/ -->\n<title>Home - Zukunftsrat Zentrum<\/title>\n<meta name=\"robots\" content=\"noindex, follow, max-snippet:-1, max-image-preview:large, max-video-preview:-1\" \/>\n<meta property=\"og:locale\" content=\"en_US\" \/>\n<meta property=\"og:type\" content=\"article\" \/>\n<meta property=\"og:title\" content=\"Home - Zukunftsrat Zentrum\" \/>\n<meta property=\"og:description\" content=\"Zukunftsrat Zentrum Wir setzen uns leidenschaftlich daf\u00fcr ein, die Empfehlungen des Zukunftsrates umzusetzen und die Lebensqualit\u00e4t junger Menschen nachhaltig zu verbessern. Durch unsere Teilnahme an Veranstaltungen und unseren Dialog mit Entscheidungstr\u00e4gern tragen wir dazu bei, dass die Stimme der jungen Menschen geh\u00f6rt und ber\u00fccksichtigt wird.\" \/>\n<meta property=\"og:url\" content=\"https:\/\/zukunftsrat-zentrum.ch\/\" \/>\n<meta property=\"og:site_name\" content=\"Zukunftsrat Zentrum\" \/>\n<meta property=\"article:modified_time\" content=\"2025-06-08T20:54:06+00:00\" \/>\n<meta property=\"og:image\" content=\"https:\/\/zukunftsrat-zentrum.ch\/wp-content\/uploads\/2025\/06\/Titelbild_flach.jpeg\" \/>\n\t<meta property=\"og:image:width\" content=\"1000\" \/>\n\t<meta property=\"og:image:height\" content=\"398\" \/>\n\t<meta property=\"og:image:type\" content=\"image\/jpeg\" \/>\n<meta name=\"twitter:card\" content=\"summary_large_image\" \/>\n<meta name=\"twitter:label1\" content=\"Est. reading time\" \/>\n\t<meta name=\"twitter:data1\" content=\"1 minute\" \/>\n<script type=\"application\/ld+json\" class=\"yoast-schema-graph\">{\"@context\":\"https:\/\/schema.org\",\"@graph\":[{\"@type\":\"WebPage\",\"@id\":\"https:\/\/zukunftsrat-zentrum.ch\/\",\"url\":\"https:\/\/zukunftsrat-zentrum.ch\/\",\"name\":\"Home - Zukunftsrat Zentrum\",\"isPartOf\":{\"@id\":\"https:\/\/zukunftsrat-zentrum.ch\/#website\"},\"primaryImageOfPage\":{\"@id\":\"https:\/\/zukunftsrat-zentrum.ch\/#primaryimage\"},\"image\":{\"@id\":\"https:\/\/zukunftsrat-zentrum.ch\/#primaryimage\"},\"thumbnailUrl\":\"https:\/\/zukunftsrat-zentrum.ch\/wp-content\/uploads\/2025\/06\/Titelbild_flach.jpeg\",\"datePublished\":\"2025-06-02T20:11:54+00:00\",\"dateModified\":\"2025-06-08T20:54:06+00:00\",\"breadcrumb\":{\"@id\":\"https:\/\/zukunftsrat-zentrum.ch\/#breadcrumb\"},\"inLanguage\":\"en-US\",\"potentialAction\":[{\"@type\":\"ReadAction\",\"target\":[\"https:\/\/zukunftsrat-zentrum.ch\/\"]}]},{\"@type\":\"ImageObject\",\"inLanguage\":\"en-US\",\"@id\":\"https:\/\/zukunftsrat-zentrum.ch\/#primaryimage\",\"url\":\"https:\/\/zukunftsrat-zentrum.ch\/wp-content\/uploads\/2025\/06\/Titelbild_flach.jpeg\",\"contentUrl\":\"https:\/\/zukunftsrat-zentrum.ch\/wp-content\/uploads\/2025\/06\/Titelbild_flach.jpeg\",\"width\":1000,\"height\":398},{\"@type\":\"BreadcrumbList\",\"@id\":\"https:\/\/zukunftsrat-zentrum.ch\/#breadcrumb\",\"itemListElement\":[{\"@type\":\"ListItem\",\"position\":1,\"name\":\"Home\",\"item\":\"https:\/\/zukunftsrat-zentrum.ch\/\"},{\"@type\":\"ListItem\",\"position\":2,\"name\":\"Home\"}]},{\"@type\":\"WebSite\",\"@id\":\"https:\/\/zukunftsrat-zentrum.ch\/#website\",\"url\":\"https:\/\/zukunftsrat-zentrum.ch\/\",\"name\":\"Zukunftsrat Zentrum\",\"description\":\"\",\"publisher\":{\"@id\":\"https:\/\/zukunftsrat-zentrum.ch\/#organization\"},\"potentialAction\":[{\"@type\":\"SearchAction\",\"target\":{\"@type\":\"EntryPoint\",\"urlTemplate\":\"https:\/\/zukunftsrat-zentrum.ch\/?s={search_term_string}\"},\"query-input\":{\"@type\":\"PropertyValueSpecification\",\"valueRequired\":true,\"valueName\":\"search_term_string\"}}],\"inLanguage\":\"en-US\"},{\"@type\":\"Organization\",\"@id\":\"https:\/\/zukunftsrat-zentrum.ch\/#organization\",\"name\":\"Zukunftsrat Zentrum\",\"url\":\"https:\/\/zukunftsrat-zentrum.ch\/\",\"logo\":{\"@type\":\"ImageObject\",\"inLanguage\":\"en-US\",\"@id\":\"https:\/\/zukunftsrat-zentrum.ch\/#\/schema\/logo\/image\/\",\"url\":\"https:\/\/zukunftsrat-zentrum.ch\/wp-content\/uploads\/2025\/06\/Logo_Zukunftsrat.png\",\"contentUrl\":\"https:\/\/zukunftsrat-zentrum.ch\/wp-content\/uploads\/2025\/06\/Logo_Zukunftsrat.png\",\"width\":500,\"height\":354,\"caption\":\"Zukunftsrat Zentrum\"},\"image\":{\"@id\":\"https:\/\/zukunftsrat-zentrum.ch\/#\/schema\/logo\/image\/\"}}]}<\/script>\n<!-- \/ Yoast SEO plugin. -->","yoast_head_json":{"title":"Home - Zukunftsrat Zentrum","robots":{"index":"noindex","follow":"follow","max-snippet":"max-snippet:-1","max-image-preview":"max-image-preview:large","max-video-preview":"max-video-preview:-1"},"og_locale":"en_US","og_type":"article","og_title":"Home - Zukunftsrat Zentrum","og_description":"Zukunftsrat Zentrum Wir setzen uns leidenschaftlich daf\u00fcr ein, die Empfehlungen des Zukunftsrates umzusetzen und die Lebensqualit\u00e4t junger Menschen nachhaltig zu verbessern. Durch unsere Teilnahme an Veranstaltungen und unseren Dialog mit Entscheidungstr\u00e4gern tragen wir dazu bei, dass die Stimme der jungen Menschen geh\u00f6rt und ber\u00fccksichtigt wird.","og_url":"https:\/\/zukunftsrat-zentrum.ch\/","og_site_name":"Zukunftsrat Zentrum","article_modified_time":"2025-06-08T20:54:06+00:00","og_image":[{"width":1000,"height":398,"url":"https:\/\/zukunftsrat-zentrum.ch\/wp-content\/uploads\/2025\/06\/Titelbild_flach.jpeg","type":"image\/jpeg"}],"twitter_card":"summary_large_image","twitter_misc":{"Est. reading time":"1 minute"},"schema":{"@context":"https:\/\/schema.org","@graph":[{"@type":"WebPage","@id":"https:\/\/zukunftsrat-zentrum.ch\/","url":"https:\/\/zukunftsrat-zentrum.ch\/","name":"Home - Zukunftsrat Zentrum","isPartOf":{"@id":"https:\/\/zukunftsrat-zentrum.ch\/#website"},"primaryImageOfPage":{"@id":"https:\/\/zukunftsrat-zentrum.ch\/#primaryimage"},"image":{"@id":"https:\/\/zukunftsrat-zentrum.ch\/#primaryimage"},"thumbnailUrl":"https:\/\/zukunftsrat-zentrum.ch\/wp-content\/uploads\/2025\/06\/Titelbild_flach.jpeg","datePublished":"2025-06-02T20:11:54+00:00","dateModified":"2025-06-08T20:54:06+00:00","breadcrumb":{"@id":"https:\/\/zukunftsrat-zentrum.ch\/#breadcrumb"},"inLanguage":"en-US","potentialAction":[{"@type":"ReadAction","target":["https:\/\/zukunftsrat-zentrum.ch\/"]}]},{"@type":"ImageObject","inLanguage":"en-US","@id":"https:\/\/zukunftsrat-zentrum.ch\/#primaryimage","url":"https:\/\/zukunftsrat-zentrum.ch\/wp-content\/uploads\/2025\/06\/Titelbild_flach.jpeg","contentUrl":"https:\/\/zukunftsrat-zentrum.ch\/wp-content\/uploads\/2025\/06\/Titelbild_flach.jpeg","width":1000,"height":398},{"@type":"BreadcrumbList","@id":"https:\/\/zukunftsrat-zentrum.ch\/#breadcrumb","itemListElement":[{"@type":"ListItem","position":1,"name":"Home","item":"https:\/\/zukunftsrat-zentrum.ch\/"},{"@type":"ListItem","position":2,"name":"Home"}]},{"@type":"WebSite","@id":"https:\/\/zukunftsrat-zentrum.ch\/#website","url":"https:\/\/zukunftsrat-zentrum.ch\/","name":"Zukunftsrat Zentrum","description":"","publisher":{"@id":"https:\/\/zukunftsrat-zentrum.ch\/#organization"},"potentialAction":[{"@type":"SearchAction","target":{"@type":"EntryPoint","urlTemplate":"https:\/\/zukunftsrat-zentrum.ch\/?s={search_term_string}"},"query-input":{"@type":"PropertyValueSpecification","valueRequired":true,"valueName":"search_term_string"}}],"inLanguage":"en-US"},{"@type":"Organization","@id":"https:\/\/zukunftsrat-zentrum.ch\/#organization","name":"Zukunftsrat Zentrum","url":"https:\/\/zukunftsrat-zentrum.ch\/","logo":{"@type":"ImageObject","inLanguage":"en-US","@id":"https:\/\/zukunftsrat-zentrum.ch\/#\/schema\/logo\/image\/","url":"https:\/\/zukunftsrat-zentrum.ch\/wp-content\/uploads\/2025\/06\/Logo_Zukunftsrat.png","contentUrl":"https:\/\/zukunftsrat-zentrum.ch\/wp-content\/uploads\/2025\/06\/Logo_Zukunftsrat.png","width":500,"height":354,"caption":"Zukunftsrat Zentrum"},"image":{"@id":"https:\/\/zukunftsrat-zentrum.ch\/#\/schema\/logo\/image\/"}}]}},"_links":{"self":[{"href":"https:\/\/zukunftsrat-zentrum.ch\/index.php?rest_route=\/wp\/v2\/pages\/209","targetHints":{"allow":["GET"]}}],"collection":[{"href":"https:\/\/zukunftsrat-zentrum.ch\/index.php?rest_route=\/wp\/v2\/pages"}],"about":[{"href":"https:\/\/zukunftsrat-zentrum.ch\/index.php?rest_route=\/wp\/v2\/types\/page"}],"author":[{"embeddable":true,"href":"https:\/\/zukunftsrat-zentrum.ch\/index.php?rest_route=\/wp\/v2\/users\/3"}],"replies":[{"embeddable":true,"href":"https:\/\/zukunftsrat-zentrum.ch\/index.php?rest_route=%2Fwp%2Fv2%2Fcomments&post=209"}],"version-history":[{"count":25,"href":"https:\/\/zukunftsrat-zentrum.ch\/index.php?rest_route=\/wp\/v2\/pages\/209\/revisions"}],"predecessor-version":[{"id":467,"href":"https:\/\/zukunftsrat-zentrum.ch\/index.php?rest_route=\/wp\/v2\/pages\/209\/revisions\/467"}],"wp:attachment":[{"href":"https:\/\/zukunftsrat-zentrum.ch\/index.php?rest_route=%2Fwp%2Fv2%2Fmedia&parent=209"}],"curies":[{"name":"wp","href":"https:\/\/api.w.org\/{rel}","templated":true}]}}