{"id":291,"date":"2025-06-08T11:35:27","date_gmt":"2025-06-08T11:35:27","guid":{"rendered":"https:\/\/zukunftsrat-zentrum.ch\/?page_id=291"},"modified":"2025-08-25T16:40:25","modified_gmt":"2025-08-25T16:40:25","slug":"team","status":"publish","type":"page","link":"https:\/\/zukunftsrat-zentrum.ch\/?page_id=291","title":{"rendered":"Team"},"content":{"rendered":"\n<div class=\"wp-block-group has-global-padding is-layout-constrained wp-block-group-is-layout-constrained\">\n<h2 class=\"wp-block-heading\" style=\"padding-top:var(--wp--preset--spacing--30);padding-bottom:var(--wp--preset--spacing--30)\">Vorstand:<\/h2>\n\n\n\n<div class=\"wp-block-group has-global-padding is-layout-constrained wp-block-group-is-layout-constrained\">\n<div class=\"wp-block-media-text is-stacked-on-mobile is-vertically-aligned-top\" style=\"grid-template-columns:25% auto\"><figure class=\"wp-block-media-text__media\"><img loading=\"lazy\" decoding=\"async\" width=\"404\" height=\"450\" src=\"https:\/\/zukunftsrat-zentrum.ch\/wp-content\/uploads\/2025\/06\/Remo_Spichtig_Vorstandsbild-e1749057252404.jpeg\" alt=\"\" class=\"wp-image-219 size-full\" srcset=\"https:\/\/zukunftsrat-zentrum.ch\/wp-content\/uploads\/2025\/06\/Remo_Spichtig_Vorstandsbild-e1749057252404.jpeg 404w, https:\/\/zukunftsrat-zentrum.ch\/wp-content\/uploads\/2025\/06\/Remo_Spichtig_Vorstandsbild-e1749057252404-269x300.jpeg 269w\" sizes=\"auto, (max-width: 404px) 100vw, 404px\" \/><\/figure><div class=\"wp-block-media-text__content\">\n<p>Remo Spichtig &#8211; Pr\u00e4sident<\/p>\n\n\n\n<p><\/p>\n<\/div><\/div>\n\n\n\n<div class=\"wp-block-media-text is-stacked-on-mobile is-vertically-aligned-top\" style=\"grid-template-columns:25% auto\"><figure class=\"wp-block-media-text__media\"><img loading=\"lazy\" decoding=\"async\" width=\"404\" height=\"450\" src=\"https:\/\/zukunftsrat-zentrum.ch\/wp-content\/uploads\/2025\/06\/Nora_Schlaepfer_Vorstandsbild.jpeg\" alt=\"\" class=\"wp-image-227 size-full\" srcset=\"https:\/\/zukunftsrat-zentrum.ch\/wp-content\/uploads\/2025\/06\/Nora_Schlaepfer_Vorstandsbild.jpeg 404w, https:\/\/zukunftsrat-zentrum.ch\/wp-content\/uploads\/2025\/06\/Nora_Schlaepfer_Vorstandsbild-269x300.jpeg 269w\" sizes=\"auto, (max-width: 404px) 100vw, 404px\" \/><\/figure><div class=\"wp-block-media-text__content\">\n<p>Nora Schl\u00e4pfer &#8211; Eventteam<\/p>\n\n\n\n<p><\/p>\n<\/div><\/div>\n\n\n\n<div class=\"wp-block-media-text is-stacked-on-mobile is-vertically-aligned-top\" style=\"grid-template-columns:25% auto\"><figure class=\"wp-block-media-text__media\"><img loading=\"lazy\" decoding=\"async\" width=\"404\" height=\"450\" src=\"https:\/\/zukunftsrat-zentrum.ch\/wp-content\/uploads\/2025\/06\/Emilia_Wolter_Vorstandsbild.jpeg\" alt=\"\" class=\"wp-image-228 size-full\" srcset=\"https:\/\/zukunftsrat-zentrum.ch\/wp-content\/uploads\/2025\/06\/Emilia_Wolter_Vorstandsbild.jpeg 404w, https:\/\/zukunftsrat-zentrum.ch\/wp-content\/uploads\/2025\/06\/Emilia_Wolter_Vorstandsbild-269x300.jpeg 269w\" sizes=\"auto, (max-width: 404px) 100vw, 404px\" \/><\/figure><div class=\"wp-block-media-text__content\">\n<p>Emilia Wolter &#8211; Eventteam<\/p>\n\n\n\n<p><\/p>\n<\/div><\/div>\n\n\n\n<div class=\"wp-block-media-text is-stacked-on-mobile is-vertically-aligned-top\" style=\"grid-template-columns:25% auto\"><figure class=\"wp-block-media-text__media\"><img loading=\"lazy\" decoding=\"async\" width=\"404\" height=\"450\" src=\"https:\/\/zukunftsrat-zentrum.ch\/wp-content\/uploads\/2025\/06\/Jeremie_Mwabila_Vorstandsbild.jpeg\" alt=\"\" class=\"wp-image-229 size-full\" srcset=\"https:\/\/zukunftsrat-zentrum.ch\/wp-content\/uploads\/2025\/06\/Jeremie_Mwabila_Vorstandsbild.jpeg 404w, https:\/\/zukunftsrat-zentrum.ch\/wp-content\/uploads\/2025\/06\/Jeremie_Mwabila_Vorstandsbild-269x300.jpeg 269w\" sizes=\"auto, (max-width: 404px) 100vw, 404px\" \/><\/figure><div class=\"wp-block-media-text__content\">\n<p>J\u00e9r\u00e9mie Mwabila &#8211; Finanzen<\/p>\n\n\n\n<p><\/p>\n<\/div><\/div>\n\n\n\n<div class=\"wp-block-media-text is-stacked-on-mobile is-vertically-aligned-top\" style=\"grid-template-columns:25% auto\"><figure class=\"wp-block-media-text__media\"><img loading=\"lazy\" decoding=\"async\" width=\"683\" height=\"1024\" src=\"https:\/\/zukunftsrat-zentrum.ch\/wp-content\/uploads\/2025\/06\/Tobias_Gruter_Vorstandsbild.jpeg\" alt=\"\" class=\"wp-image-455 size-full\" srcset=\"https:\/\/zukunftsrat-zentrum.ch\/wp-content\/uploads\/2025\/06\/Tobias_Gruter_Vorstandsbild.jpeg 683w, https:\/\/zukunftsrat-zentrum.ch\/wp-content\/uploads\/2025\/06\/Tobias_Gruter_Vorstandsbild-200x300.jpeg 200w\" sizes=\"auto, (max-width: 683px) 100vw, 683px\" \/><\/figure><div class=\"wp-block-media-text__content\">\n<p>Tobias Gr\u00fcter &#8211; Social Media Team<\/p>\n\n\n\n<p><\/p>\n<\/div><\/div>\n<\/div>\n<\/div>\n\n\n\n<div class=\"wp-block-group has-global-padding is-layout-constrained wp-block-group-is-layout-constrained\" style=\"padding-top:var(--wp--preset--spacing--40);padding-bottom:var(--wp--preset--spacing--40)\">\n<h2 class=\"wp-block-heading\">Mitglied werden:<\/h2>\n\n\n\n<p>Du willst Mitglied werden und dich ebenfalls f\u00fcr die psychische Gesundheit einsetzen?<br>Melde dich bei <a href=\"mailto:info@zukunftsrat-zentrum.ch\">info@zukunftsrat-zentrum.ch<\/a>.<\/p>\n<\/div>\n","protected":false},"excerpt":{"rendered":"<p>Vorstand: Remo Spichtig &#8211; Pr\u00e4sident Nora Schl\u00e4pfer &#8211; Eventteam Emilia Wolter &#8211; Eventteam J\u00e9r\u00e9mie Mwabila &#8211; Finanzen Tobias Gr\u00fcter &#8211; Social Media Team Mitglied werden: Du willst Mitglied werden und dich ebenfalls f\u00fcr die psychische Gesundheit einsetzen?Melde dich bei info@zukunftsrat-zentrum.ch.<\/p>\n","protected":false},"author":3,"featured_media":0,"parent":0,"menu_order":0,"comment_status":"closed","ping_status":"closed","template":"page-no-title","meta":{"footnotes":""},"class_list":["post-291","page","type-page","status-publish","hentry"],"yoast_head":"<!-- This site is optimized with the Yoast SEO plugin v25.2 - https:\/\/yoast.com\/wordpress\/plugins\/seo\/ -->\n<title>Team - Zukunftsrat Zentrum<\/title>\n<meta name=\"robots\" content=\"noindex, follow, max-snippet:-1, max-image-preview:large, max-video-preview:-1\" \/>\n<meta property=\"og:locale\" content=\"en_US\" \/>\n<meta property=\"og:type\" content=\"article\" \/>\n<meta property=\"og:title\" content=\"Team - Zukunftsrat Zentrum\" \/>\n<meta property=\"og:description\" content=\"Vorstand: Remo Spichtig &#8211; Pr\u00e4sident Nora Schl\u00e4pfer &#8211; Eventteam Emilia Wolter &#8211; Eventteam J\u00e9r\u00e9mie Mwabila &#8211; Finanzen Tobias Gr\u00fcter &#8211; Social Media Team Mitglied werden: Du willst Mitglied werden und dich ebenfalls f\u00fcr die psychische Gesundheit einsetzen?Melde dich bei info@zukunftsrat-zentrum.ch.\" \/>\n<meta property=\"og:url\" content=\"https:\/\/zukunftsrat-zentrum.ch\/?page_id=291\" \/>\n<meta property=\"og:site_name\" content=\"Zukunftsrat Zentrum\" \/>\n<meta property=\"article:modified_time\" content=\"2025-08-25T16:40:25+00:00\" \/>\n<meta property=\"og:image\" content=\"https:\/\/zukunftsrat-zentrum.ch\/wp-content\/uploads\/2025\/06\/Remo_Spichtig_Vorstandsbild-e1749057252404.jpeg\" \/>\n\t<meta property=\"og:image:width\" content=\"404\" \/>\n\t<meta property=\"og:image:height\" content=\"450\" \/>\n\t<meta property=\"og:image:type\" content=\"image\/jpeg\" \/>\n<meta name=\"twitter:card\" content=\"summary_large_image\" \/>\n<meta name=\"twitter:label1\" content=\"Est. reading time\" \/>\n\t<meta name=\"twitter:data1\" content=\"2 minutes\" \/>\n<script type=\"application\/ld+json\" class=\"yoast-schema-graph\">{\"@context\":\"https:\/\/schema.org\",\"@graph\":[{\"@type\":\"WebPage\",\"@id\":\"https:\/\/zukunftsrat-zentrum.ch\/?page_id=291\",\"url\":\"https:\/\/zukunftsrat-zentrum.ch\/?page_id=291\",\"name\":\"Team - Zukunftsrat Zentrum\",\"isPartOf\":{\"@id\":\"https:\/\/zukunftsrat-zentrum.ch\/#website\"},\"primaryImageOfPage\":{\"@id\":\"https:\/\/zukunftsrat-zentrum.ch\/?page_id=291#primaryimage\"},\"image\":{\"@id\":\"https:\/\/zukunftsrat-zentrum.ch\/?page_id=291#primaryimage\"},\"thumbnailUrl\":\"https:\/\/zukunftsrat-zentrum.ch\/wp-content\/uploads\/2025\/06\/Remo_Spichtig_Vorstandsbild-e1749057252404.jpeg\",\"datePublished\":\"2025-06-08T11:35:27+00:00\",\"dateModified\":\"2025-08-25T16:40:25+00:00\",\"breadcrumb\":{\"@id\":\"https:\/\/zukunftsrat-zentrum.ch\/?page_id=291#breadcrumb\"},\"inLanguage\":\"en-US\",\"potentialAction\":[{\"@type\":\"ReadAction\",\"target\":[\"https:\/\/zukunftsrat-zentrum.ch\/?page_id=291\"]}]},{\"@type\":\"ImageObject\",\"inLanguage\":\"en-US\",\"@id\":\"https:\/\/zukunftsrat-zentrum.ch\/?page_id=291#primaryimage\",\"url\":\"https:\/\/zukunftsrat-zentrum.ch\/wp-content\/uploads\/2025\/06\/Remo_Spichtig_Vorstandsbild-e1749057252404.jpeg\",\"contentUrl\":\"https:\/\/zukunftsrat-zentrum.ch\/wp-content\/uploads\/2025\/06\/Remo_Spichtig_Vorstandsbild-e1749057252404.jpeg\",\"width\":404,\"height\":450,\"caption\":\"filler\"},{\"@type\":\"BreadcrumbList\",\"@id\":\"https:\/\/zukunftsrat-zentrum.ch\/?page_id=291#breadcrumb\",\"itemListElement\":[{\"@type\":\"ListItem\",\"position\":1,\"name\":\"Home\",\"item\":\"https:\/\/zukunftsrat-zentrum.ch\/\"},{\"@type\":\"ListItem\",\"position\":2,\"name\":\"Team\"}]},{\"@type\":\"WebSite\",\"@id\":\"https:\/\/zukunftsrat-zentrum.ch\/#website\",\"url\":\"https:\/\/zukunftsrat-zentrum.ch\/\",\"name\":\"Zukunftsrat Zentrum\",\"description\":\"\",\"publisher\":{\"@id\":\"https:\/\/zukunftsrat-zentrum.ch\/#organization\"},\"potentialAction\":[{\"@type\":\"SearchAction\",\"target\":{\"@type\":\"EntryPoint\",\"urlTemplate\":\"https:\/\/zukunftsrat-zentrum.ch\/?s={search_term_string}\"},\"query-input\":{\"@type\":\"PropertyValueSpecification\",\"valueRequired\":true,\"valueName\":\"search_term_string\"}}],\"inLanguage\":\"en-US\"},{\"@type\":\"Organization\",\"@id\":\"https:\/\/zukunftsrat-zentrum.ch\/#organization\",\"name\":\"Zukunftsrat Zentrum\",\"url\":\"https:\/\/zukunftsrat-zentrum.ch\/\",\"logo\":{\"@type\":\"ImageObject\",\"inLanguage\":\"en-US\",\"@id\":\"https:\/\/zukunftsrat-zentrum.ch\/#\/schema\/logo\/image\/\",\"url\":\"https:\/\/zukunftsrat-zentrum.ch\/wp-content\/uploads\/2025\/06\/Logo_Zukunftsrat.png\",\"contentUrl\":\"https:\/\/zukunftsrat-zentrum.ch\/wp-content\/uploads\/2025\/06\/Logo_Zukunftsrat.png\",\"width\":500,\"height\":354,\"caption\":\"Zukunftsrat Zentrum\"},\"image\":{\"@id\":\"https:\/\/zukunftsrat-zentrum.ch\/#\/schema\/logo\/image\/\"}}]}<\/script>\n<!-- \/ Yoast SEO plugin. -->","yoast_head_json":{"title":"Team - Zukunftsrat Zentrum","robots":{"index":"noindex","follow":"follow","max-snippet":"max-snippet:-1","max-image-preview":"max-image-preview:large","max-video-preview":"max-video-preview:-1"},"og_locale":"en_US","og_type":"article","og_title":"Team - Zukunftsrat Zentrum","og_description":"Vorstand: Remo Spichtig &#8211; Pr\u00e4sident Nora Schl\u00e4pfer &#8211; Eventteam Emilia Wolter &#8211; Eventteam J\u00e9r\u00e9mie Mwabila &#8211; Finanzen Tobias Gr\u00fcter &#8211; Social Media Team Mitglied werden: Du willst Mitglied werden und dich ebenfalls f\u00fcr die psychische Gesundheit einsetzen?Melde dich bei info@zukunftsrat-zentrum.ch.","og_url":"https:\/\/zukunftsrat-zentrum.ch\/?page_id=291","og_site_name":"Zukunftsrat Zentrum","article_modified_time":"2025-08-25T16:40:25+00:00","og_image":[{"width":404,"height":450,"url":"https:\/\/zukunftsrat-zentrum.ch\/wp-content\/uploads\/2025\/06\/Remo_Spichtig_Vorstandsbild-e1749057252404.jpeg","type":"image\/jpeg"}],"twitter_card":"summary_large_image","twitter_misc":{"Est. reading time":"2 minutes"},"schema":{"@context":"https:\/\/schema.org","@graph":[{"@type":"WebPage","@id":"https:\/\/zukunftsrat-zentrum.ch\/?page_id=291","url":"https:\/\/zukunftsrat-zentrum.ch\/?page_id=291","name":"Team - Zukunftsrat Zentrum","isPartOf":{"@id":"https:\/\/zukunftsrat-zentrum.ch\/#website"},"primaryImageOfPage":{"@id":"https:\/\/zukunftsrat-zentrum.ch\/?page_id=291#primaryimage"},"image":{"@id":"https:\/\/zukunftsrat-zentrum.ch\/?page_id=291#primaryimage"},"thumbnailUrl":"https:\/\/zukunftsrat-zentrum.ch\/wp-content\/uploads\/2025\/06\/Remo_Spichtig_Vorstandsbild-e1749057252404.jpeg","datePublished":"2025-06-08T11:35:27+00:00","dateModified":"2025-08-25T16:40:25+00:00","breadcrumb":{"@id":"https:\/\/zukunftsrat-zentrum.ch\/?page_id=291#breadcrumb"},"inLanguage":"en-US","potentialAction":[{"@type":"ReadAction","target":["https:\/\/zukunftsrat-zentrum.ch\/?page_id=291"]}]},{"@type":"ImageObject","inLanguage":"en-US","@id":"https:\/\/zukunftsrat-zentrum.ch\/?page_id=291#primaryimage","url":"https:\/\/zukunftsrat-zentrum.ch\/wp-content\/uploads\/2025\/06\/Remo_Spichtig_Vorstandsbild-e1749057252404.jpeg","contentUrl":"https:\/\/zukunftsrat-zentrum.ch\/wp-content\/uploads\/2025\/06\/Remo_Spichtig_Vorstandsbild-e1749057252404.jpeg","width":404,"height":450,"caption":"filler"},{"@type":"BreadcrumbList","@id":"https:\/\/zukunftsrat-zentrum.ch\/?page_id=291#breadcrumb","itemListElement":[{"@type":"ListItem","position":1,"name":"Home","item":"https:\/\/zukunftsrat-zentrum.ch\/"},{"@type":"ListItem","position":2,"name":"Team"}]},{"@type":"WebSite","@id":"https:\/\/zukunftsrat-zentrum.ch\/#website","url":"https:\/\/zukunftsrat-zentrum.ch\/","name":"Zukunftsrat Zentrum","description":"","publisher":{"@id":"https:\/\/zukunftsrat-zentrum.ch\/#organization"},"potentialAction":[{"@type":"SearchAction","target":{"@type":"EntryPoint","urlTemplate":"https:\/\/zukunftsrat-zentrum.ch\/?s={search_term_string}"},"query-input":{"@type":"PropertyValueSpecification","valueRequired":true,"valueName":"search_term_string"}}],"inLanguage":"en-US"},{"@type":"Organization","@id":"https:\/\/zukunftsrat-zentrum.ch\/#organization","name":"Zukunftsrat Zentrum","url":"https:\/\/zukunftsrat-zentrum.ch\/","logo":{"@type":"ImageObject","inLanguage":"en-US","@id":"https:\/\/zukunftsrat-zentrum.ch\/#\/schema\/logo\/image\/","url":"https:\/\/zukunftsrat-zentrum.ch\/wp-content\/uploads\/2025\/06\/Logo_Zukunftsrat.png","contentUrl":"https:\/\/zukunftsrat-zentrum.ch\/wp-content\/uploads\/2025\/06\/Logo_Zukunftsrat.png","width":500,"height":354,"caption":"Zukunftsrat Zentrum"},"image":{"@id":"https:\/\/zukunftsrat-zentrum.ch\/#\/schema\/logo\/image\/"}}]}},"_links":{"self":[{"href":"https:\/\/zukunftsrat-zentrum.ch\/index.php?rest_route=\/wp\/v2\/pages\/291","targetHints":{"allow":["GET"]}}],"collection":[{"href":"https:\/\/zukunftsrat-zentrum.ch\/index.php?rest_route=\/wp\/v2\/pages"}],"about":[{"href":"https:\/\/zukunftsrat-zentrum.ch\/index.php?rest_route=\/wp\/v2\/types\/page"}],"author":[{"embeddable":true,"href":"https:\/\/zukunftsrat-zentrum.ch\/index.php?rest_route=\/wp\/v2\/users\/3"}],"replies":[{"embeddable":true,"href":"https:\/\/zukunftsrat-zentrum.ch\/index.php?rest_route=%2Fwp%2Fv2%2Fcomments&post=291"}],"version-history":[{"count":8,"href":"https:\/\/zukunftsrat-zentrum.ch\/index.php?rest_route=\/wp\/v2\/pages\/291\/revisions"}],"predecessor-version":[{"id":660,"href":"https:\/\/zukunftsrat-zentrum.ch\/index.php?rest_route=\/wp\/v2\/pages\/291\/revisions\/660"}],"wp:attachment":[{"href":"https:\/\/zukunftsrat-zentrum.ch\/index.php?rest_route=%2Fwp%2Fv2%2Fmedia&parent=291"}],"curies":[{"name":"wp","href":"https:\/\/api.w.org\/{rel}","templated":true}]}}