{"id":468,"date":"2025-06-13T10:21:44","date_gmt":"2025-06-13T10:21:44","guid":{"rendered":"https:\/\/zukunftsrat-zentrum.ch\/?page_id=468"},"modified":"2025-08-25T15:35:31","modified_gmt":"2025-08-25T15:35:31","slug":"offene-stellen","status":"publish","type":"page","link":"https:\/\/zukunftsrat-zentrum.ch\/?page_id=468","title":{"rendered":"Offene Stellen"},"content":{"rendered":"\n<p>Lust dich f\u00fcr die psychische Gesundheit einzusetzen und mit unserem engagierten Team zusammen anzupacken, dann melde dich gerne bei uns (<a href=\"mailto:info@zukunftsrat-zentrum.ch\">info@zukunftsrat-zentrum.ch<\/a>). Besonders in den folgenden Bereich sind wir froh um Unterst\u00fctzung:<\/p>\n\n\n\n<details class=\"wp-block-details is-layout-flow wp-block-details-is-layout-flow\"><summary>ZKRZ-Treff (Community-Treffen-Organisator:in)<\/summary>\n<p>Du organisierst gerne inspirierende Treffen und setzt dich f\u00fcr Gemeinschaft und Austausch ein? Dann suchen wir genau dich!<\/p>\n\n\n\n<p>Der Zukunftsrat U24 war f\u00fcr viele von uns eine pr\u00e4gende Erfahrung \u2013 doch inzwischen sind viele ehemalige Mitglieder mit Studium, Arbeit oder Engagements besch\u00e4ftigt und teilen ihre Erfahrungen an Veranstaltungen und Workshops in der ganzen Schweiz. Dabei sehen wir uns untereinander leider viel zu selten.<\/p>\n\n\n\n<p>Das wollen wir \u00e4ndern!<\/p>\n\n\n\n<p><strong>Deine Aufgabe:<\/strong><br>Du organisierst zweimal pro Jahr ein tolles internes Treffen f\u00fcr alle aktuellen und ehemaligen Mitglieder des Zukunftsrat Zentrums. Dabei geht es nicht um ein weiteres Meeting, sondern um ein herzliches, verbindendes und gut organisiertes Zusammenkommen \u2013 mit Zeit f\u00fcr Austausch, Wiedersehen und gemeinsame Inspiration.<\/p>\n\n\n\n<p><strong>Was du mitbringen solltest:<\/strong><\/p>\n\n\n\n<ul class=\"wp-block-list\">\n<li>Freude an Organisation und Kommunikation<\/li>\n\n\n\n<li>Gesp\u00fcr f\u00fcr zwischenmenschliche Dynamik<\/li>\n\n\n\n<li>Die F\u00e4higkeit, mit verschiedensten Menschen in der ganzen Schweiz in Kontakt zu treten<\/li>\n\n\n\n<li>Eigeninitiative und Verl\u00e4sslichkeit<\/li>\n<\/ul>\n\n\n\n<p><strong>Was du bekommst:<\/strong><\/p>\n\n\n\n<ul class=\"wp-block-list\">\n<li>Die M\u00f6glichkeit, den Zusammenhalt einer besonderen Community zu st\u00e4rken<\/li>\n\n\n\n<li>Unterst\u00fctzung bei Planung und Kommunikation durch unser Team<\/li>\n\n\n\n<li>Wertvolle Erfahrungen in Community-Arbeit und Eventorganisation<\/li>\n<\/ul>\n\n\n\n<p><strong>Interessiert?<\/strong><br>Dann melde dich bei uns \u2013 wir freuen uns auf dich!<\/p>\n<\/details>\n\n\n\n<details class=\"wp-block-details is-layout-flow wp-block-details-is-layout-flow\"><summary>Workshops<\/summary>\n<p>Probleme l\u00f6st man am besten gemeinsam. Daf\u00fcr bieten sich Workshops an. Hast du erfahrungen darin Workshops zu organisieren und du kannst gut mit Menschen kommunizieren. Dann melde dich gerne um die verschiedensten Workshops im Bereich psy. Gesundheit zu organisieren.<\/p>\n<\/details>\n\n\n\n<details class=\"wp-block-details is-layout-flow wp-block-details-is-layout-flow\"><summary>Webseite (technisch)<\/summary>\n<p>Naja. Schau dir unsere Webseite an. Kannst du es besser? Melde dich gerne bei uns.<\/p>\n<\/details>\n\n\n\n<details class=\"wp-block-details is-layout-flow wp-block-details-is-layout-flow\"><summary>Webseite (Content Creator)<\/summary>\n<p>33 Handlungsempfehlungen und unz\u00e4hlige Projekte. Wir haben es aufgegeben jeden auf dem laufend zu halten. Aber vielleicht k\u00f6nnen wir mit dir wieder mehr Menschen unser tun n\u00e4her bringen.<\/p>\n<\/details>\n\n\n\n<p><\/p>\n","protected":false},"excerpt":{"rendered":"<p>Lust dich f\u00fcr die psychische Gesundheit einzusetzen und mit unserem engagierten Team zusammen anzupacken, dann melde dich gerne bei uns (info@zukunftsrat-zentrum.ch). Besonders in den folgenden Bereich sind wir froh um Unterst\u00fctzung:<\/p>\n","protected":false},"author":1,"featured_media":0,"parent":151,"menu_order":0,"comment_status":"closed","ping_status":"closed","template":"","meta":{"footnotes":""},"class_list":["post-468","page","type-page","status-publish","hentry"],"yoast_head":"<!-- This site is optimized with the Yoast SEO plugin v25.2 - https:\/\/yoast.com\/wordpress\/plugins\/seo\/ -->\n<title>Offene Stellen - Zukunftsrat Zentrum<\/title>\n<meta name=\"robots\" content=\"noindex, follow, max-snippet:-1, max-image-preview:large, max-video-preview:-1\" \/>\n<meta property=\"og:locale\" content=\"en_US\" \/>\n<meta property=\"og:type\" content=\"article\" \/>\n<meta property=\"og:title\" content=\"Offene Stellen - Zukunftsrat Zentrum\" \/>\n<meta property=\"og:description\" content=\"Lust dich f\u00fcr die psychische Gesundheit einzusetzen und mit unserem engagierten Team zusammen anzupacken, dann melde dich gerne bei uns (info@zukunftsrat-zentrum.ch). Besonders in den folgenden Bereich sind wir froh um Unterst\u00fctzung:\" \/>\n<meta property=\"og:url\" content=\"https:\/\/zukunftsrat-zentrum.ch\/?page_id=468\" \/>\n<meta property=\"og:site_name\" content=\"Zukunftsrat Zentrum\" \/>\n<meta property=\"article:modified_time\" content=\"2025-08-25T15:35:31+00:00\" \/>\n<meta name=\"twitter:card\" content=\"summary_large_image\" \/>\n<meta name=\"twitter:label1\" content=\"Est. reading time\" \/>\n\t<meta name=\"twitter:data1\" content=\"2 minutes\" \/>\n<script type=\"application\/ld+json\" class=\"yoast-schema-graph\">{\"@context\":\"https:\/\/schema.org\",\"@graph\":[{\"@type\":\"WebPage\",\"@id\":\"https:\/\/zukunftsrat-zentrum.ch\/?page_id=468\",\"url\":\"https:\/\/zukunftsrat-zentrum.ch\/?page_id=468\",\"name\":\"Offene Stellen - Zukunftsrat Zentrum\",\"isPartOf\":{\"@id\":\"https:\/\/zukunftsrat-zentrum.ch\/#website\"},\"datePublished\":\"2025-06-13T10:21:44+00:00\",\"dateModified\":\"2025-08-25T15:35:31+00:00\",\"breadcrumb\":{\"@id\":\"https:\/\/zukunftsrat-zentrum.ch\/?page_id=468#breadcrumb\"},\"inLanguage\":\"en-US\",\"potentialAction\":[{\"@type\":\"ReadAction\",\"target\":[\"https:\/\/zukunftsrat-zentrum.ch\/?page_id=468\"]}]},{\"@type\":\"BreadcrumbList\",\"@id\":\"https:\/\/zukunftsrat-zentrum.ch\/?page_id=468#breadcrumb\",\"itemListElement\":[{\"@type\":\"ListItem\",\"position\":1,\"name\":\"Home\",\"item\":\"https:\/\/zukunftsrat-zentrum.ch\/\"},{\"@type\":\"ListItem\",\"position\":2,\"name\":\"\u00dcBER UNS\",\"item\":\"https:\/\/zukunftsrat-zentrum.ch\/?page_id=151\"},{\"@type\":\"ListItem\",\"position\":3,\"name\":\"Offene Stellen\"}]},{\"@type\":\"WebSite\",\"@id\":\"https:\/\/zukunftsrat-zentrum.ch\/#website\",\"url\":\"https:\/\/zukunftsrat-zentrum.ch\/\",\"name\":\"Zukunftsrat Zentrum\",\"description\":\"\",\"publisher\":{\"@id\":\"https:\/\/zukunftsrat-zentrum.ch\/#organization\"},\"potentialAction\":[{\"@type\":\"SearchAction\",\"target\":{\"@type\":\"EntryPoint\",\"urlTemplate\":\"https:\/\/zukunftsrat-zentrum.ch\/?s={search_term_string}\"},\"query-input\":{\"@type\":\"PropertyValueSpecification\",\"valueRequired\":true,\"valueName\":\"search_term_string\"}}],\"inLanguage\":\"en-US\"},{\"@type\":\"Organization\",\"@id\":\"https:\/\/zukunftsrat-zentrum.ch\/#organization\",\"name\":\"Zukunftsrat Zentrum\",\"url\":\"https:\/\/zukunftsrat-zentrum.ch\/\",\"logo\":{\"@type\":\"ImageObject\",\"inLanguage\":\"en-US\",\"@id\":\"https:\/\/zukunftsrat-zentrum.ch\/#\/schema\/logo\/image\/\",\"url\":\"https:\/\/zukunftsrat-zentrum.ch\/wp-content\/uploads\/2025\/06\/Logo_Zukunftsrat.png\",\"contentUrl\":\"https:\/\/zukunftsrat-zentrum.ch\/wp-content\/uploads\/2025\/06\/Logo_Zukunftsrat.png\",\"width\":500,\"height\":354,\"caption\":\"Zukunftsrat Zentrum\"},\"image\":{\"@id\":\"https:\/\/zukunftsrat-zentrum.ch\/#\/schema\/logo\/image\/\"}}]}<\/script>\n<!-- \/ Yoast SEO plugin. -->","yoast_head_json":{"title":"Offene Stellen - Zukunftsrat Zentrum","robots":{"index":"noindex","follow":"follow","max-snippet":"max-snippet:-1","max-image-preview":"max-image-preview:large","max-video-preview":"max-video-preview:-1"},"og_locale":"en_US","og_type":"article","og_title":"Offene Stellen - Zukunftsrat Zentrum","og_description":"Lust dich f\u00fcr die psychische Gesundheit einzusetzen und mit unserem engagierten Team zusammen anzupacken, dann melde dich gerne bei uns (info@zukunftsrat-zentrum.ch). Besonders in den folgenden Bereich sind wir froh um Unterst\u00fctzung:","og_url":"https:\/\/zukunftsrat-zentrum.ch\/?page_id=468","og_site_name":"Zukunftsrat Zentrum","article_modified_time":"2025-08-25T15:35:31+00:00","twitter_card":"summary_large_image","twitter_misc":{"Est. reading time":"2 minutes"},"schema":{"@context":"https:\/\/schema.org","@graph":[{"@type":"WebPage","@id":"https:\/\/zukunftsrat-zentrum.ch\/?page_id=468","url":"https:\/\/zukunftsrat-zentrum.ch\/?page_id=468","name":"Offene Stellen - Zukunftsrat Zentrum","isPartOf":{"@id":"https:\/\/zukunftsrat-zentrum.ch\/#website"},"datePublished":"2025-06-13T10:21:44+00:00","dateModified":"2025-08-25T15:35:31+00:00","breadcrumb":{"@id":"https:\/\/zukunftsrat-zentrum.ch\/?page_id=468#breadcrumb"},"inLanguage":"en-US","potentialAction":[{"@type":"ReadAction","target":["https:\/\/zukunftsrat-zentrum.ch\/?page_id=468"]}]},{"@type":"BreadcrumbList","@id":"https:\/\/zukunftsrat-zentrum.ch\/?page_id=468#breadcrumb","itemListElement":[{"@type":"ListItem","position":1,"name":"Home","item":"https:\/\/zukunftsrat-zentrum.ch\/"},{"@type":"ListItem","position":2,"name":"\u00dcBER UNS","item":"https:\/\/zukunftsrat-zentrum.ch\/?page_id=151"},{"@type":"ListItem","position":3,"name":"Offene Stellen"}]},{"@type":"WebSite","@id":"https:\/\/zukunftsrat-zentrum.ch\/#website","url":"https:\/\/zukunftsrat-zentrum.ch\/","name":"Zukunftsrat Zentrum","description":"","publisher":{"@id":"https:\/\/zukunftsrat-zentrum.ch\/#organization"},"potentialAction":[{"@type":"SearchAction","target":{"@type":"EntryPoint","urlTemplate":"https:\/\/zukunftsrat-zentrum.ch\/?s={search_term_string}"},"query-input":{"@type":"PropertyValueSpecification","valueRequired":true,"valueName":"search_term_string"}}],"inLanguage":"en-US"},{"@type":"Organization","@id":"https:\/\/zukunftsrat-zentrum.ch\/#organization","name":"Zukunftsrat Zentrum","url":"https:\/\/zukunftsrat-zentrum.ch\/","logo":{"@type":"ImageObject","inLanguage":"en-US","@id":"https:\/\/zukunftsrat-zentrum.ch\/#\/schema\/logo\/image\/","url":"https:\/\/zukunftsrat-zentrum.ch\/wp-content\/uploads\/2025\/06\/Logo_Zukunftsrat.png","contentUrl":"https:\/\/zukunftsrat-zentrum.ch\/wp-content\/uploads\/2025\/06\/Logo_Zukunftsrat.png","width":500,"height":354,"caption":"Zukunftsrat Zentrum"},"image":{"@id":"https:\/\/zukunftsrat-zentrum.ch\/#\/schema\/logo\/image\/"}}]}},"_links":{"self":[{"href":"https:\/\/zukunftsrat-zentrum.ch\/index.php?rest_route=\/wp\/v2\/pages\/468","targetHints":{"allow":["GET"]}}],"collection":[{"href":"https:\/\/zukunftsrat-zentrum.ch\/index.php?rest_route=\/wp\/v2\/pages"}],"about":[{"href":"https:\/\/zukunftsrat-zentrum.ch\/index.php?rest_route=\/wp\/v2\/types\/page"}],"author":[{"embeddable":true,"href":"https:\/\/zukunftsrat-zentrum.ch\/index.php?rest_route=\/wp\/v2\/users\/1"}],"replies":[{"embeddable":true,"href":"https:\/\/zukunftsrat-zentrum.ch\/index.php?rest_route=%2Fwp%2Fv2%2Fcomments&post=468"}],"version-history":[{"count":10,"href":"https:\/\/zukunftsrat-zentrum.ch\/index.php?rest_route=\/wp\/v2\/pages\/468\/revisions"}],"predecessor-version":[{"id":649,"href":"https:\/\/zukunftsrat-zentrum.ch\/index.php?rest_route=\/wp\/v2\/pages\/468\/revisions\/649"}],"up":[{"embeddable":true,"href":"https:\/\/zukunftsrat-zentrum.ch\/index.php?rest_route=\/wp\/v2\/pages\/151"}],"wp:attachment":[{"href":"https:\/\/zukunftsrat-zentrum.ch\/index.php?rest_route=%2Fwp%2Fv2%2Fmedia&parent=468"}],"curies":[{"name":"wp","href":"https:\/\/api.w.org\/{rel}","templated":true}]}}