{"id":583,"date":"2025-07-05T11:38:55","date_gmt":"2025-07-05T11:38:55","guid":{"rendered":"https:\/\/zukunftsrat-zentrum.ch\/?page_id=583"},"modified":"2025-07-05T11:38:56","modified_gmt":"2025-07-05T11:38:56","slug":"5-2-psychologische-standortbestimmung","status":"publish","type":"page","link":"https:\/\/zukunftsrat-zentrum.ch\/?page_id=583","title":{"rendered":"5.2 Psychologische Standortbestimmung"},"content":{"rendered":"\n<div class=\"wp-block-group has-global-padding is-layout-constrained wp-block-group-is-layout-constrained\" style=\"padding-top:var(--wp--preset--spacing--40);padding-bottom:var(--wp--preset--spacing--40)\">\n<h2 class=\"wp-block-heading has-xx-large-font-size\" style=\"padding-top:0;padding-bottom:0\">5.2 Psychologische Standortbestimmung<\/h2>\n\n\n\n<p style=\"padding-top:0;padding-bottom:0\">Schule &amp; Bildung<\/p>\n<\/div>\n\n\n\n<p style=\"padding-top:var(--wp--preset--spacing--40);padding-bottom:var(--wp--preset--spacing--40)\">(Beschreibung)<\/p>\n\n\n\n<div class=\"wp-block-columns has-background is-layout-flex wp-container-core-columns-is-layout-b4539fb2 wp-block-columns-is-layout-flex\" style=\"background-color:#eaeae5;padding-top:var(--wp--preset--spacing--40);padding-right:var(--wp--preset--spacing--30);padding-bottom:var(--wp--preset--spacing--40);padding-left:var(--wp--preset--spacing--30)\">\n<div class=\"wp-block-column is-layout-flow wp-block-column-is-layout-flow\">\n<div class=\"wp-block-group has-global-padding is-layout-constrained wp-container-core-group-is-layout-b5d337c2 wp-block-group-is-layout-constrained\" style=\"margin-top:0;margin-bottom:0;padding-top:0;padding-bottom:0\">\n<div class=\"wp-block-group is-nowrap is-layout-flex wp-container-core-group-is-layout-6c531013 wp-block-group-is-layout-flex\">\n<figure class=\"wp-block-image size-full is-resized\"><img loading=\"lazy\" decoding=\"async\" width=\"75\" height=\"75\" src=\"https:\/\/zukunftsrat-zentrum.ch\/wp-content\/uploads\/2025\/06\/Ziel.png\" alt=\"\" class=\"wp-image-413\" style=\"object-fit:cover;width:30px;height:40px\"\/><\/figure>\n\n\n\n<h2 class=\"wp-block-heading has-large-font-size\" style=\"padding-top:0;padding-bottom:0\">Ziel:<\/h2>\n<\/div>\n\n\n\n<ul style=\"padding-left:var(--wp--preset--spacing--60)\" class=\"wp-block-list\">\n<li>Pr\u00e4vention in der Schule<\/li>\n\n\n\n<li>Selbstreflektion st\u00e4rken<\/li>\n<\/ul>\n<\/div>\n\n\n\n<div class=\"wp-block-group has-global-padding is-layout-constrained wp-container-core-group-is-layout-da81fdcd wp-block-group-is-layout-constrained\" style=\"padding-top:var(--wp--preset--spacing--30)\">\n<div class=\"wp-block-group is-nowrap is-layout-flex wp-container-core-group-is-layout-6c531013 wp-block-group-is-layout-flex\">\n<figure class=\"wp-block-image size-full is-resized\"><img loading=\"lazy\" decoding=\"async\" width=\"73\" height=\"79\" src=\"https:\/\/zukunftsrat-zentrum.ch\/wp-content\/uploads\/2025\/06\/Inhalt_der_Empfehlung.png\" alt=\"\" class=\"wp-image-415\" style=\"object-fit:cover;width:30px;height:40px\"\/><\/figure>\n\n\n\n<h2 class=\"wp-block-heading has-large-font-size\">Inhalt der Empfehlung:<\/h2>\n<\/div>\n\n\n\n<p style=\"padding-left:var(--wp--preset--spacing--50)\">Einzelgespr\u00e4che mit dem Opt-Out Prinzip (automatisch eingeschrieben, man kann sich bei Bedarf abmelden) mit einer Vertrauensperson (mit Schulung), 1x jedes Halbjahr, ab der 1. Klasse bis Sekundarstufe II (Gymnasium und Berufsschule) mit individueller Beratungszeit.<\/p>\n<\/div>\n<\/div>\n\n\n\n<div class=\"wp-block-column is-layout-flow wp-block-column-is-layout-flow\">\n<div class=\"wp-block-group has-global-padding is-layout-constrained wp-container-core-group-is-layout-1b8742f0 wp-block-group-is-layout-constrained\" style=\"padding-top:var(--wp--preset--spacing--30)\">\n<div class=\"wp-block-group is-nowrap is-layout-flex wp-container-core-group-is-layout-6c531013 wp-block-group-is-layout-flex\">\n<figure class=\"wp-block-image size-full is-resized\"><img loading=\"lazy\" decoding=\"async\" width=\"78\" height=\"63\" src=\"https:\/\/zukunftsrat-zentrum.ch\/wp-content\/uploads\/2025\/06\/Begrundung.png\" alt=\"\" class=\"wp-image-416\" style=\"object-fit:cover;width:30px;height:30px\"\/><\/figure>\n\n\n\n<h2 class=\"wp-block-heading has-large-font-size\">Begr\u00fcndung:<\/h2>\n<\/div>\n\n\n\n<p style=\"padding-left:var(--wp--preset--spacing--50)\">Das Prinzip Opt-Out ist in diesem Fall wichtig. Denn Kinder trauen sich nicht immer selbst Hilfe zu suchen. Ausserdem<br>kann es helfen, die Hemmschwelle zu senken und sich an eine geschulte Vertrauensperson zu wenden. Falls das<br>Kind nicht reden m\u00f6chte, muss es nicht. Um den Fachkr\u00e4ftemangel zu reduzieren, lieber geschulte Vertrauenspersonen einsetzen, welche gegebenenfalls die Kinder an Fachkr\u00e4fte und Organisationen weiterleiten.<\/p>\n<\/div>\n\n\n\n<div class=\"wp-block-group has-global-padding is-layout-constrained wp-container-core-group-is-layout-1b8742f0 wp-block-group-is-layout-constrained\" style=\"padding-top:var(--wp--preset--spacing--30)\">\n<div class=\"wp-block-group is-nowrap is-layout-flex wp-container-core-group-is-layout-6c531013 wp-block-group-is-layout-flex\">\n<figure class=\"wp-block-image size-full is-resized\"><img loading=\"lazy\" decoding=\"async\" width=\"76\" height=\"66\" src=\"https:\/\/zukunftsrat-zentrum.ch\/wp-content\/uploads\/2025\/06\/Zielgruppe.png\" alt=\"\" class=\"wp-image-417\" style=\"object-fit:cover;width:30px;height:30px\"\/><\/figure>\n\n\n\n<h2 class=\"wp-block-heading has-large-font-size\">Zielgruppe:<\/h2>\n<\/div>\n\n\n\n<ul style=\"padding-left:var(--wp--preset--spacing--60)\" class=\"wp-block-list\">\n<li>Kantone, Gemeinden<\/li>\n\n\n\n<li>Schulen<\/li>\n<\/ul>\n<\/div>\n<\/div>\n<\/div>\n\n\n\n<div class=\"wp-block-group has-global-padding is-layout-constrained wp-block-group-is-layout-constrained\" style=\"padding-top:var(--wp--preset--spacing--40);padding-bottom:var(--wp--preset--spacing--40)\">\n<h2 class=\"wp-block-heading has-x-large-font-size\">Meinung des Zukunftsrat U24<\/h2>\n\n\n\n<div class=\"wp-block-columns is-layout-flex wp-container-core-columns-is-layout-28f84493 wp-block-columns-is-layout-flex\">\n<div class=\"wp-block-column is-layout-flow wp-block-column-is-layout-flow\">\n<div class=\"wp-block-columns is-layout-flex wp-container-core-columns-is-layout-28f84493 wp-block-columns-is-layout-flex\">\n<div class=\"wp-block-column is-layout-flow wp-block-column-is-layout-flow\">\n<div class=\"wp-block-group is-vertical is-content-justification-center is-layout-flex wp-container-core-group-is-layout-ce155fab wp-block-group-is-layout-flex\">\n<h3><span id=\"tooltipText\" class=\"tooltip\">Ja-Anteil<span class=\"tooltiptext\">Ja-Anteil:\n<br\/>\nAnteil an Ja-Stimmen der Ratsmitglieder des Zukunftsrats U24 f\u00fcr die jeweilige Handlungsempfehlung in Prozent.\n<\/span><\/span><\/h3>\n\n<style>\n.tooltip {\n  position: relative;\n  display: inline-block;\n  cursor: help;\n  border-bottom: 1px dotted #4267cf;\n}\n\n.tooltip .tooltiptext {\n  visibility: hidden;\n  width: 250px;\n  background-color: #555;\n  color: #fff;\n  text-align: left;\n  padding: 10px;\n  border-radius: 6px;\n  position: absolute;\n  z-index: 1;\n  bottom: 150%;\n  left: 50%;\n  margin-left: -100px;\n  opacity: 0;\n  transition: opacity 0.3s;\n  font-size: 16px;\n  line-height: 1.5;\n}\n\n.tooltip:hover .tooltiptext {\n  visibility: visible;\n  opacity: 1;\n}\n<\/style>\n\n\n\n<figure class=\"wp-block-image aligncenter size-full is-resized\"><img loading=\"lazy\" decoding=\"async\" width=\"933\" height=\"171\" src=\"https:\/\/zukunftsrat-zentrum.ch\/wp-content\/uploads\/2025\/05\/loading_bar_cropped.png\" alt=\"\" class=\"wp-image-54\" style=\"width:175px;height:auto\" srcset=\"https:\/\/zukunftsrat-zentrum.ch\/wp-content\/uploads\/2025\/05\/loading_bar_cropped.png 933w, https:\/\/zukunftsrat-zentrum.ch\/wp-content\/uploads\/2025\/05\/loading_bar_cropped-300x55.png 300w, https:\/\/zukunftsrat-zentrum.ch\/wp-content\/uploads\/2025\/05\/loading_bar_cropped-768x141.png 768w\" sizes=\"auto, (max-width: 933px) 100vw, 933px\" \/><\/figure>\n<\/div>\n<\/div>\n\n\n\n<div class=\"wp-block-column is-layout-flow wp-block-column-is-layout-flow\">\n<div class=\"wp-block-group is-vertical is-content-justification-center is-layout-flex wp-container-core-group-is-layout-ce155fab wp-block-group-is-layout-flex\">\n<h3><span id=\"tooltipText\" class=\"tooltip\">Unterst\u00fctzungsgrad<span class=\"tooltiptext\">Unterst\u00fctzungsgrad:\n<br\/>\nDas arithmetische Mittel aller abgegebenen Punkte auf folgender Skala:\n<br\/>\nDas ist genau das, was ich will (3 Punkte)\n<br\/>\nDas ist was ich will (2 Punkte)\n<br\/>\nDas ist mehr oder weniger das, was ich will (1 Punkt)\n<br\/>\nIch habe viele Zweifel (0 Punkte)<\/span><\/span><\/h3>\n\n<style>\n.tooltip {\n  position: relative;\n  display: inline-block;\n  cursor: help;\n  border-bottom: 1px dotted #4267cf;\n}\n\n.tooltip .tooltiptext {\n  visibility: hidden;\n  width: 250px;\n  background-color: #555;\n  color: #fff;\n  text-align: left;\n  padding: 10px;\n  border-radius: 6px;\n  position: absolute;\n  z-index: 1;\n  bottom: 150%;\n  left: 50%;\n  margin-left: -100px;\n  opacity: 0;\n  transition: opacity 0.3s;\n  font-size: 16px;\n  line-height: 1.5;\n}\n\n.tooltip:hover .tooltiptext {\n  visibility: visible;\n  opacity: 1;\n}\n<\/style>\n\n\n\n<figure class=\"wp-block-image aligncenter size-full is-resized\"><img loading=\"lazy\" decoding=\"async\" width=\"933\" height=\"171\" src=\"https:\/\/zukunftsrat-zentrum.ch\/wp-content\/uploads\/2025\/05\/loading_bar_cropped.png\" alt=\"\" class=\"wp-image-54\" style=\"width:164px;height:auto\" srcset=\"https:\/\/zukunftsrat-zentrum.ch\/wp-content\/uploads\/2025\/05\/loading_bar_cropped.png 933w, https:\/\/zukunftsrat-zentrum.ch\/wp-content\/uploads\/2025\/05\/loading_bar_cropped-300x55.png 300w, https:\/\/zukunftsrat-zentrum.ch\/wp-content\/uploads\/2025\/05\/loading_bar_cropped-768x141.png 768w\" sizes=\"auto, (max-width: 933px) 100vw, 933px\" \/><\/figure>\n<\/div>\n<\/div>\n<\/div>\n<\/div>\n\n\n\n<div class=\"wp-block-column is-layout-flow wp-block-column-is-layout-flow\">\n<div class=\"wp-block-columns is-layout-flex wp-container-core-columns-is-layout-28f84493 wp-block-columns-is-layout-flex\">\n<div class=\"wp-block-column is-layout-flow wp-block-column-is-layout-flow\">\n<div class=\"wp-block-group is-vertical is-content-justification-center is-layout-flex wp-container-core-group-is-layout-ce155fab wp-block-group-is-layout-flex\">\n<h3><span id=\"tooltipText\" class=\"tooltip\">Priorit\u00e4t<span class=\"tooltiptext\">Priorit\u00e4t:\n<br\/>\nZukunftr\u00e4t:innen haben ihre 5 priorit\u00e4ren Handlungsempfehlungen abgegeben. Der Priorit\u00e4ts-Anteil dr\u00fcckt in Prozent aus, wie oft die entsprechende\nEmpfehlung genannt wurde.\n<\/span><\/span><\/h3>\n\n<style>\n.tooltip {\n  position: relative;\n  display: inline-block;\n  cursor: help;\n  border-bottom: 1px dotted #4267cf;\n}\n\n.tooltip .tooltiptext {\n  visibility: hidden;\n  width: 250px;\n  background-color: #555;\n  color: #fff;\n  text-align: left;\n  padding: 10px;\n  border-radius: 6px;\n  position: absolute;\n  z-index: 1;\n  bottom: 150%;\n  left: 50%;\n  margin-left: -100px;\n  opacity: 0;\n  transition: opacity 0.3s;\n  font-size: 16px;\n  line-height: 1.5;\n}\n\n.tooltip:hover .tooltiptext {\n  visibility: visible;\n  opacity: 1;\n}\n<\/style>\n\n\n\n<figure class=\"wp-block-image aligncenter size-full is-resized\"><img loading=\"lazy\" decoding=\"async\" width=\"933\" height=\"171\" src=\"https:\/\/zukunftsrat-zentrum.ch\/wp-content\/uploads\/2025\/05\/loading_bar_cropped.png\" alt=\"\" class=\"wp-image-54\" style=\"width:158px;height:auto\" srcset=\"https:\/\/zukunftsrat-zentrum.ch\/wp-content\/uploads\/2025\/05\/loading_bar_cropped.png 933w, https:\/\/zukunftsrat-zentrum.ch\/wp-content\/uploads\/2025\/05\/loading_bar_cropped-300x55.png 300w, https:\/\/zukunftsrat-zentrum.ch\/wp-content\/uploads\/2025\/05\/loading_bar_cropped-768x141.png 768w\" sizes=\"auto, (max-width: 933px) 100vw, 933px\" \/><\/figure>\n<\/div>\n<\/div>\n\n\n\n<div class=\"wp-block-column is-layout-flow wp-block-column-is-layout-flow\">\n<div class=\"wp-block-group is-vertical is-content-justification-center is-layout-flex wp-container-core-group-is-layout-ce155fab wp-block-group-is-layout-flex\">\n<h3><span id=\"tooltipText\" class=\"tooltip\">Angenommen<span class=\"tooltiptext\">Annahme:\n<br\/>\nUm eine offizielle Annahme des Zukunftsrats U24 zu erhalten, m\u00fcssen Hand-\nlungsempfehlungen mindestens einen Ja-Anteil von 75% und einen Unter-\nst\u00fctzungsgrad von 2,0 aufweisen.\n<\/span><\/span><\/h3>\n\n<style>\n.tooltip {\n  position: relative;\n  display: inline-block;\n  cursor: help;\n  border-bottom: 1px dotted #4267cf;\n}\n\n.tooltip .tooltiptext {\n  visibility: hidden;\n  width: 250px;\n  background-color: #555;\n  color: #fff;\n  text-align: left;\n  padding: 10px;\n  border-radius: 6px;\n  position: absolute;\n  z-index: 1;\n  bottom: 150%;\n  left: 50%;\n  margin-left: -100px;\n  opacity: 0;\n  transition: opacity 0.3s;\n  font-size: 16px;\n  line-height: 1.5;\n}\n\n.tooltip:hover .tooltiptext {\n  visibility: visible;\n  opacity: 1;\n}\n<\/style>\n\n\n\n<figure class=\"wp-block-image aligncenter size-large is-resized\"><img loading=\"lazy\" decoding=\"async\" width=\"1024\" height=\"1024\" src=\"https:\/\/zukunftsrat-zentrum.ch\/wp-content\/uploads\/2025\/06\/Eo_circle_green_checkmark.svg_-1024x1024.png\" alt=\"\" class=\"wp-image-402\" style=\"width:37px;height:auto\" srcset=\"https:\/\/zukunftsrat-zentrum.ch\/wp-content\/uploads\/2025\/06\/Eo_circle_green_checkmark.svg_-1024x1024.png 1024w, https:\/\/zukunftsrat-zentrum.ch\/wp-content\/uploads\/2025\/06\/Eo_circle_green_checkmark.svg_-300x300.png 300w, https:\/\/zukunftsrat-zentrum.ch\/wp-content\/uploads\/2025\/06\/Eo_circle_green_checkmark.svg_-150x150.png 150w, https:\/\/zukunftsrat-zentrum.ch\/wp-content\/uploads\/2025\/06\/Eo_circle_green_checkmark.svg_-768x768.png 768w, https:\/\/zukunftsrat-zentrum.ch\/wp-content\/uploads\/2025\/06\/Eo_circle_green_checkmark.svg_-1536x1536.png 1536w, https:\/\/zukunftsrat-zentrum.ch\/wp-content\/uploads\/2025\/06\/Eo_circle_green_checkmark.svg_.png 2048w\" sizes=\"auto, (max-width: 1024px) 100vw, 1024px\" \/><\/figure>\n<\/div>\n<\/div>\n<\/div>\n<\/div>\n<\/div>\n<\/div>\n\n\n\n<div class=\"wp-block-group has-global-padding is-layout-constrained wp-block-group-is-layout-constrained\" style=\"padding-top:var(--wp--preset--spacing--40);padding-bottom:var(--wp--preset--spacing--40)\">\n<h2 class=\"wp-block-heading\">Handlung\/Umsetzung<\/h2>\n\n\n\n<p>(Statement ZKRZ)<\/p>\n<\/div>\n\n\n\n<div class=\"wp-block-columns is-layout-flex wp-container-core-columns-is-layout-28f84493 wp-block-columns-is-layout-flex\">\n<div class=\"wp-block-column is-layout-flow wp-block-column-is-layout-flow\">\n<div class=\"wp-block-group has-global-padding is-content-justification-center is-layout-constrained wp-block-group-is-layout-constrained\" style=\"padding-top:var(--wp--preset--spacing--40);padding-bottom:var(--wp--preset--spacing--40)\">\n<h2 class=\"wp-block-heading has-text-align-left has-medium-font-size\">Essenzielle Umsetzungspartner:<\/h2>\n\n\n\n<div class=\"wp-block-group is-content-justification-left is-nowrap is-layout-flex wp-container-core-group-is-layout-fc9f69e7 wp-block-group-is-layout-flex\">\n<figure class=\"wp-block-image size-full\"><a href=\"https:\/\/www.projuventute.ch\"><img loading=\"lazy\" decoding=\"async\" width=\"100\" height=\"100\" src=\"https:\/\/zukunftsrat-zentrum.ch\/wp-content\/uploads\/2025\/06\/logo.png\" alt=\"\" class=\"wp-image-275\" style=\"object-fit:cover\"\/><\/a><\/figure>\n\n\n\n<figure class=\"wp-block-image size-full\"><a href=\"https:\/\/public-health.ch\"><img loading=\"lazy\" decoding=\"async\" width=\"72\" height=\"50\" src=\"https:\/\/zukunftsrat-zentrum.ch\/wp-content\/uploads\/2025\/06\/public-health-logo-sign.d252064e86d2.png\" alt=\"\" class=\"wp-image-273\" style=\"object-fit:cover\"\/><\/a><\/figure>\n<\/div>\n<\/div>\n<\/div>\n\n\n\n<div class=\"wp-block-column is-layout-flow wp-block-column-is-layout-flow\">\n<div class=\"wp-block-group has-global-padding is-layout-constrained wp-block-group-is-layout-constrained\" style=\"padding-top:var(--wp--preset--spacing--40);padding-bottom:var(--wp--preset--spacing--40)\">\n<h2 class=\"wp-block-heading has-text-align-left has-medium-font-size\">Unterst\u00fctzungspartner:<\/h2>\n\n\n\n<div class=\"wp-block-group is-content-justification-left is-nowrap is-layout-flex wp-container-core-group-is-layout-fc9f69e7 wp-block-group-is-layout-flex\">\n<figure class=\"wp-block-image size-full\"><a href=\"https:\/\/www.projuventute.ch\"><img loading=\"lazy\" decoding=\"async\" width=\"100\" height=\"100\" src=\"https:\/\/zukunftsrat-zentrum.ch\/wp-content\/uploads\/2025\/06\/logo.png\" alt=\"\" class=\"wp-image-275\" style=\"object-fit:cover\"\/><\/a><\/figure>\n\n\n\n<figure class=\"wp-block-image size-full\"><a href=\"https:\/\/public-health.ch\"><img loading=\"lazy\" decoding=\"async\" width=\"72\" height=\"50\" src=\"https:\/\/zukunftsrat-zentrum.ch\/wp-content\/uploads\/2025\/06\/public-health-logo-sign.d252064e86d2.png\" alt=\"\" class=\"wp-image-273\" style=\"object-fit:cover\"\/><\/a><\/figure>\n<\/div>\n<\/div>\n<\/div>\n<\/div>\n","protected":false},"excerpt":{"rendered":"<p>5.2 Psychologische Standortbestimmung Schule &amp; Bildung (Beschreibung) Ziel: Inhalt der Empfehlung: Einzelgespr\u00e4che mit dem Opt-Out Prinzip (automatisch eingeschrieben, man kann sich bei Bedarf abmelden) mit einer Vertrauensperson (mit Schulung), 1x jedes Halbjahr, ab der 1. Klasse bis Sekundarstufe II (Gymnasium und Berufsschule) mit individueller Beratungszeit. Begr\u00fcndung: Das Prinzip Opt-Out ist in diesem Fall wichtig. Denn [&hellip;]<\/p>\n","protected":false},"author":3,"featured_media":0,"parent":0,"menu_order":0,"comment_status":"closed","ping_status":"closed","template":"page-no-title","meta":{"footnotes":""},"class_list":["post-583","page","type-page","status-publish","hentry"],"yoast_head":"<!-- This site is optimized with the Yoast SEO plugin v25.2 - https:\/\/yoast.com\/wordpress\/plugins\/seo\/ -->\n<title>5.2 Psychologische Standortbestimmung - Zukunftsrat Zentrum<\/title>\n<meta name=\"robots\" content=\"noindex, follow, max-snippet:-1, max-image-preview:large, max-video-preview:-1\" \/>\n<meta property=\"og:locale\" content=\"en_US\" \/>\n<meta property=\"og:type\" content=\"article\" \/>\n<meta property=\"og:title\" content=\"5.2 Psychologische Standortbestimmung - Zukunftsrat Zentrum\" \/>\n<meta property=\"og:description\" content=\"5.2 Psychologische Standortbestimmung Schule &amp; Bildung (Beschreibung) Ziel: Inhalt der Empfehlung: Einzelgespr\u00e4che mit dem Opt-Out Prinzip (automatisch eingeschrieben, man kann sich bei Bedarf abmelden) mit einer Vertrauensperson (mit Schulung), 1x jedes Halbjahr, ab der 1. Klasse bis Sekundarstufe II (Gymnasium und Berufsschule) mit individueller Beratungszeit. Begr\u00fcndung: Das Prinzip Opt-Out ist in diesem Fall wichtig. Denn [&hellip;]\" \/>\n<meta property=\"og:url\" content=\"https:\/\/zukunftsrat-zentrum.ch\/?page_id=583\" \/>\n<meta property=\"og:site_name\" content=\"Zukunftsrat Zentrum\" \/>\n<meta property=\"article:modified_time\" content=\"2025-07-05T11:38:56+00:00\" \/>\n<meta property=\"og:image\" content=\"https:\/\/zukunftsrat-zentrum.ch\/wp-content\/uploads\/2025\/06\/Ziel.png\" \/>\n\t<meta property=\"og:image:width\" content=\"75\" \/>\n\t<meta property=\"og:image:height\" content=\"75\" \/>\n\t<meta property=\"og:image:type\" content=\"image\/png\" \/>\n<meta name=\"twitter:card\" content=\"summary_large_image\" \/>\n<meta name=\"twitter:label1\" content=\"Est. reading time\" \/>\n\t<meta name=\"twitter:data1\" content=\"4 minutes\" \/>\n<script type=\"application\/ld+json\" class=\"yoast-schema-graph\">{\"@context\":\"https:\/\/schema.org\",\"@graph\":[{\"@type\":\"WebPage\",\"@id\":\"https:\/\/zukunftsrat-zentrum.ch\/?page_id=583\",\"url\":\"https:\/\/zukunftsrat-zentrum.ch\/?page_id=583\",\"name\":\"5.2 Psychologische Standortbestimmung - Zukunftsrat Zentrum\",\"isPartOf\":{\"@id\":\"https:\/\/zukunftsrat-zentrum.ch\/#website\"},\"primaryImageOfPage\":{\"@id\":\"https:\/\/zukunftsrat-zentrum.ch\/?page_id=583#primaryimage\"},\"image\":{\"@id\":\"https:\/\/zukunftsrat-zentrum.ch\/?page_id=583#primaryimage\"},\"thumbnailUrl\":\"https:\/\/zukunftsrat-zentrum.ch\/wp-content\/uploads\/2025\/06\/Ziel.png\",\"datePublished\":\"2025-07-05T11:38:55+00:00\",\"dateModified\":\"2025-07-05T11:38:56+00:00\",\"breadcrumb\":{\"@id\":\"https:\/\/zukunftsrat-zentrum.ch\/?page_id=583#breadcrumb\"},\"inLanguage\":\"en-US\",\"potentialAction\":[{\"@type\":\"ReadAction\",\"target\":[\"https:\/\/zukunftsrat-zentrum.ch\/?page_id=583\"]}]},{\"@type\":\"ImageObject\",\"inLanguage\":\"en-US\",\"@id\":\"https:\/\/zukunftsrat-zentrum.ch\/?page_id=583#primaryimage\",\"url\":\"https:\/\/zukunftsrat-zentrum.ch\/wp-content\/uploads\/2025\/06\/Ziel.png\",\"contentUrl\":\"https:\/\/zukunftsrat-zentrum.ch\/wp-content\/uploads\/2025\/06\/Ziel.png\",\"width\":75,\"height\":75},{\"@type\":\"BreadcrumbList\",\"@id\":\"https:\/\/zukunftsrat-zentrum.ch\/?page_id=583#breadcrumb\",\"itemListElement\":[{\"@type\":\"ListItem\",\"position\":1,\"name\":\"Home\",\"item\":\"https:\/\/zukunftsrat-zentrum.ch\/\"},{\"@type\":\"ListItem\",\"position\":2,\"name\":\"5.2 Psychologische Standortbestimmung\"}]},{\"@type\":\"WebSite\",\"@id\":\"https:\/\/zukunftsrat-zentrum.ch\/#website\",\"url\":\"https:\/\/zukunftsrat-zentrum.ch\/\",\"name\":\"Zukunftsrat Zentrum\",\"description\":\"\",\"publisher\":{\"@id\":\"https:\/\/zukunftsrat-zentrum.ch\/#organization\"},\"potentialAction\":[{\"@type\":\"SearchAction\",\"target\":{\"@type\":\"EntryPoint\",\"urlTemplate\":\"https:\/\/zukunftsrat-zentrum.ch\/?s={search_term_string}\"},\"query-input\":{\"@type\":\"PropertyValueSpecification\",\"valueRequired\":true,\"valueName\":\"search_term_string\"}}],\"inLanguage\":\"en-US\"},{\"@type\":\"Organization\",\"@id\":\"https:\/\/zukunftsrat-zentrum.ch\/#organization\",\"name\":\"Zukunftsrat Zentrum\",\"url\":\"https:\/\/zukunftsrat-zentrum.ch\/\",\"logo\":{\"@type\":\"ImageObject\",\"inLanguage\":\"en-US\",\"@id\":\"https:\/\/zukunftsrat-zentrum.ch\/#\/schema\/logo\/image\/\",\"url\":\"https:\/\/zukunftsrat-zentrum.ch\/wp-content\/uploads\/2025\/06\/Logo_Zukunftsrat.png\",\"contentUrl\":\"https:\/\/zukunftsrat-zentrum.ch\/wp-content\/uploads\/2025\/06\/Logo_Zukunftsrat.png\",\"width\":500,\"height\":354,\"caption\":\"Zukunftsrat Zentrum\"},\"image\":{\"@id\":\"https:\/\/zukunftsrat-zentrum.ch\/#\/schema\/logo\/image\/\"}}]}<\/script>\n<!-- \/ Yoast SEO plugin. -->","yoast_head_json":{"title":"5.2 Psychologische Standortbestimmung - Zukunftsrat Zentrum","robots":{"index":"noindex","follow":"follow","max-snippet":"max-snippet:-1","max-image-preview":"max-image-preview:large","max-video-preview":"max-video-preview:-1"},"og_locale":"en_US","og_type":"article","og_title":"5.2 Psychologische Standortbestimmung - Zukunftsrat Zentrum","og_description":"5.2 Psychologische Standortbestimmung Schule &amp; Bildung (Beschreibung) Ziel: Inhalt der Empfehlung: Einzelgespr\u00e4che mit dem Opt-Out Prinzip (automatisch eingeschrieben, man kann sich bei Bedarf abmelden) mit einer Vertrauensperson (mit Schulung), 1x jedes Halbjahr, ab der 1. Klasse bis Sekundarstufe II (Gymnasium und Berufsschule) mit individueller Beratungszeit. Begr\u00fcndung: Das Prinzip Opt-Out ist in diesem Fall wichtig. Denn [&hellip;]","og_url":"https:\/\/zukunftsrat-zentrum.ch\/?page_id=583","og_site_name":"Zukunftsrat Zentrum","article_modified_time":"2025-07-05T11:38:56+00:00","og_image":[{"width":75,"height":75,"url":"https:\/\/zukunftsrat-zentrum.ch\/wp-content\/uploads\/2025\/06\/Ziel.png","type":"image\/png"}],"twitter_card":"summary_large_image","twitter_misc":{"Est. reading time":"4 minutes"},"schema":{"@context":"https:\/\/schema.org","@graph":[{"@type":"WebPage","@id":"https:\/\/zukunftsrat-zentrum.ch\/?page_id=583","url":"https:\/\/zukunftsrat-zentrum.ch\/?page_id=583","name":"5.2 Psychologische Standortbestimmung - Zukunftsrat Zentrum","isPartOf":{"@id":"https:\/\/zukunftsrat-zentrum.ch\/#website"},"primaryImageOfPage":{"@id":"https:\/\/zukunftsrat-zentrum.ch\/?page_id=583#primaryimage"},"image":{"@id":"https:\/\/zukunftsrat-zentrum.ch\/?page_id=583#primaryimage"},"thumbnailUrl":"https:\/\/zukunftsrat-zentrum.ch\/wp-content\/uploads\/2025\/06\/Ziel.png","datePublished":"2025-07-05T11:38:55+00:00","dateModified":"2025-07-05T11:38:56+00:00","breadcrumb":{"@id":"https:\/\/zukunftsrat-zentrum.ch\/?page_id=583#breadcrumb"},"inLanguage":"en-US","potentialAction":[{"@type":"ReadAction","target":["https:\/\/zukunftsrat-zentrum.ch\/?page_id=583"]}]},{"@type":"ImageObject","inLanguage":"en-US","@id":"https:\/\/zukunftsrat-zentrum.ch\/?page_id=583#primaryimage","url":"https:\/\/zukunftsrat-zentrum.ch\/wp-content\/uploads\/2025\/06\/Ziel.png","contentUrl":"https:\/\/zukunftsrat-zentrum.ch\/wp-content\/uploads\/2025\/06\/Ziel.png","width":75,"height":75},{"@type":"BreadcrumbList","@id":"https:\/\/zukunftsrat-zentrum.ch\/?page_id=583#breadcrumb","itemListElement":[{"@type":"ListItem","position":1,"name":"Home","item":"https:\/\/zukunftsrat-zentrum.ch\/"},{"@type":"ListItem","position":2,"name":"5.2 Psychologische Standortbestimmung"}]},{"@type":"WebSite","@id":"https:\/\/zukunftsrat-zentrum.ch\/#website","url":"https:\/\/zukunftsrat-zentrum.ch\/","name":"Zukunftsrat Zentrum","description":"","publisher":{"@id":"https:\/\/zukunftsrat-zentrum.ch\/#organization"},"potentialAction":[{"@type":"SearchAction","target":{"@type":"EntryPoint","urlTemplate":"https:\/\/zukunftsrat-zentrum.ch\/?s={search_term_string}"},"query-input":{"@type":"PropertyValueSpecification","valueRequired":true,"valueName":"search_term_string"}}],"inLanguage":"en-US"},{"@type":"Organization","@id":"https:\/\/zukunftsrat-zentrum.ch\/#organization","name":"Zukunftsrat Zentrum","url":"https:\/\/zukunftsrat-zentrum.ch\/","logo":{"@type":"ImageObject","inLanguage":"en-US","@id":"https:\/\/zukunftsrat-zentrum.ch\/#\/schema\/logo\/image\/","url":"https:\/\/zukunftsrat-zentrum.ch\/wp-content\/uploads\/2025\/06\/Logo_Zukunftsrat.png","contentUrl":"https:\/\/zukunftsrat-zentrum.ch\/wp-content\/uploads\/2025\/06\/Logo_Zukunftsrat.png","width":500,"height":354,"caption":"Zukunftsrat Zentrum"},"image":{"@id":"https:\/\/zukunftsrat-zentrum.ch\/#\/schema\/logo\/image\/"}}]}},"_links":{"self":[{"href":"https:\/\/zukunftsrat-zentrum.ch\/index.php?rest_route=\/wp\/v2\/pages\/583","targetHints":{"allow":["GET"]}}],"collection":[{"href":"https:\/\/zukunftsrat-zentrum.ch\/index.php?rest_route=\/wp\/v2\/pages"}],"about":[{"href":"https:\/\/zukunftsrat-zentrum.ch\/index.php?rest_route=\/wp\/v2\/types\/page"}],"author":[{"embeddable":true,"href":"https:\/\/zukunftsrat-zentrum.ch\/index.php?rest_route=\/wp\/v2\/users\/3"}],"replies":[{"embeddable":true,"href":"https:\/\/zukunftsrat-zentrum.ch\/index.php?rest_route=%2Fwp%2Fv2%2Fcomments&post=583"}],"version-history":[{"count":2,"href":"https:\/\/zukunftsrat-zentrum.ch\/index.php?rest_route=\/wp\/v2\/pages\/583\/revisions"}],"predecessor-version":[{"id":585,"href":"https:\/\/zukunftsrat-zentrum.ch\/index.php?rest_route=\/wp\/v2\/pages\/583\/revisions\/585"}],"wp:attachment":[{"href":"https:\/\/zukunftsrat-zentrum.ch\/index.php?rest_route=%2Fwp%2Fv2%2Fmedia&parent=583"}],"curies":[{"name":"wp","href":"https:\/\/api.w.org\/{rel}","templated":true}]}}