{"id":638,"date":"2025-08-25T21:12:21","date_gmt":"2025-08-25T21:12:21","guid":{"rendered":"https:\/\/zukunftsrat-zentrum.ch\/?page_id=638"},"modified":"2025-08-25T21:12:21","modified_gmt":"2025-08-25T21:12:21","slug":"datenschutzerklarung","status":"publish","type":"page","link":"https:\/\/zukunftsrat-zentrum.ch\/?page_id=638","title":{"rendered":"Datenschutzerkl\u00e4rung"},"content":{"rendered":"\n<h2 class=\"wp-block-heading\" style=\"padding-top:var(--wp--preset--spacing--30);padding-bottom:var(--wp--preset--spacing--30)\">Datenschutzerkl\u00e4rung<\/h2>\n\n\n\n<div class=\"wp-block-group is-vertical is-layout-flex wp-container-core-group-is-layout-165d9eef wp-block-group-is-layout-flex\" style=\"margin-top:0;margin-bottom:0;padding-top:var(--wp--preset--spacing--30);padding-bottom:var(--wp--preset--spacing--30)\">\n<h2 class=\"wp-block-heading\">1. Allgemeine Hinweise<\/h2>\n\n\n\n<p>Wenn Sie diese Website benutzen, werden verschiedene personenbezogene Daten erhoben und bearbeitet. Personenbezogene Daten sind Daten, mit denen Sie pers\u00f6nlich identifiziert werden k\u00f6nnen.<\/p>\n\n\n\n<p>Die Betreiber dieser Website nehmen den Schutz Ihrer personenbezogenen Daten sehr ernst. Wir behandeln Ihre personenbezogenen Daten vertraulich und entsprechend der gesetzlichen Datenschutzvorschriften sowie dieser Datenschutzerkl\u00e4rung.<\/p>\n\n\n\n<p>Durch die Nutzung dieser Website stimmen Sie der in dieser Datenschutzerkl\u00e4rung beschriebenen Erhebung und Bearbeitung Ihrer personenbezogenen Daten im In- und Ausland zu.<\/p>\n\n\n\n<p>F\u00fcr die Nutzung der Website gilt die jeweils die zum Zeitpunkt der Nutzung auf dieser Website ver\u00f6ffentlichte Datenschutzerkl\u00e4rung.<br>Falls Sie mit uns vertraglich besondere Vereinbarungen zum Datenschutz bez\u00fcglich unserer angebotenen Produkten und Dienstleistungen treffen m\u00f6chten, kontaktieren Sie uns bitte gesondert unter der in Punkt 2 unten angegebenen Adresse.<\/p>\n<\/div>\n\n\n\n<div class=\"wp-block-group is-vertical is-layout-flex wp-container-core-group-is-layout-ab79abe2 wp-block-group-is-layout-flex\" style=\"padding-top:var(--wp--preset--spacing--30);padding-bottom:var(--wp--preset--spacing--30)\">\n<h2 class=\"wp-block-heading\">2. Wer ist verantwortlich f\u00fcr die Datenerfassung auf dieser Website?<\/h2>\n\n\n\n<p>Die Datenverarbeitung auf dieser Website erfolgt durch den Websitenbetreiber:<\/p>\n\n\n\n<p>Zukunftsrat Zentrum<br>Floraweg 19<br>6343 Buonas<br><a href=\"mailto:info@zukunftsrat-zentrum.ch\">info@zukunftsrat-zentrum.ch<\/a><\/p>\n\n\n\n<p>Sollten Sie Fragen oder Anliegen zum Datenschutz haben, k\u00f6nnen Sie uns jederzeit unter dieser Adresse kontaktieren.<\/p>\n<\/div>\n\n\n\n<div class=\"wp-block-group is-vertical is-layout-flex wp-container-core-group-is-layout-ab79abe2 wp-block-group-is-layout-flex\" style=\"padding-top:var(--wp--preset--spacing--30);padding-bottom:var(--wp--preset--spacing--30)\">\n<h2 class=\"wp-block-heading\">3. Wie erfassen wir Ihre Daten?<\/h2>\n\n\n\n<p>Ihre Daten werden zum einen dadurch erhoben, dass Sie uns diese mitteilen. Hierbei kann es sich z.B. um Daten handeln, die Sie in ein Kontaktformular eingeben.<br>Zum anderen werden Daten auch automatisch beim Besuch der Website durch unsere IT-Systeme erfasst. Das sind vor allem technische Daten (z.B. Internetbrowser, Betriebssystem oder Uhrzeit des Seitenaufrufs). Bitte entnehmen Sie die Details zur technischen Erhebung und Nutzung der Daten durch Cookies, Analysetools und Plug-ins von Drittanbietern der Beschreibung unter Punkt 7 unten.<\/p>\n\n\n\n<p>Wenn Sie uns per Kontaktformular Anfragen zukommen lassen, werden Ihre Angaben aus dem Anfrageformular inklusive der von Ihnen dort angegebenen Kontaktdaten zwecks Bearbeitung der Anfrage und f\u00fcr den Fall von Anschlussfragen bei uns gespeichert. Falls Sie uns Personendaten von Dritten zukommen lassen, stellen Sie bitte sicher, dass die betroffene Person hiermit einverstanden ist.<\/p>\n\n\n\n<p>Die von Ihnen im Kontaktformular eingegebenen Daten verbleiben bei uns, bis Sie uns zur L\u00f6schung auffordern, Ihre Einwilligung zur Speicherung widerrufen oder der Zweck f\u00fcr die Datenspeicherung entf\u00e4llt (z.B. nach abgeschlossener Bearbeitung Ihrer Anfrage).<\/p>\n\n\n\n<p>Zwingende gesetzliche Bestimmungen \u2013 insbesondere Aufbewahrungsfristen \u2013 bleiben davon unber\u00fchrt.<\/p>\n<\/div>\n\n\n\n<div class=\"wp-block-group is-vertical is-layout-flex wp-container-core-group-is-layout-ab79abe2 wp-block-group-is-layout-flex\" style=\"padding-top:var(--wp--preset--spacing--30);padding-bottom:var(--wp--preset--spacing--30)\">\n<h2 class=\"wp-block-heading\">4. Wof\u00fcr nutzen wir Ihre Daten?<\/h2>\n\n\n\n<p>Wir verwenden Ihre Daten ausschliesslich zu den in dieser Datenschutzerkl\u00e4rung beschriebenen Zwecken, namentlich um Produkte oder Dienstleistungen zu vermarkten und zu erbringen, Ihre Anfragen via Kontaktformular zu beantworten oder Ihnen die bestellten Newsletter zu senden. Ein Teil der Daten wird erhoben, um eine fehlerfreie Bereitstellung der Website zu gew\u00e4hrleisten. Die bei der Nutzung der Website kreierten Daten k\u00f6nnen zudem zur Analyse Ihres Nutzerverhaltens verwendet werden. Bitte entnehmen Sie die Details zur technischen Erhebung und Nutzung der Daten durch Cookies, Analysetools und Plug-ins von Drittanbietern der Beschreibung unter Punkt 7 unten.<\/p>\n<\/div>\n\n\n\n<div class=\"wp-block-group is-vertical is-layout-flex wp-container-core-group-is-layout-ab79abe2 wp-block-group-is-layout-flex\" style=\"padding-top:var(--wp--preset--spacing--30);padding-bottom:var(--wp--preset--spacing--30)\">\n<h2 class=\"wp-block-heading\">5. Welche Rechte haben Sie bez\u00fcglich Ihrer Daten?<\/h2>\n\n\n\n<div class=\"wp-block-group is-vertical is-layout-flex wp-container-core-group-is-layout-fe9cc265 wp-block-group-is-layout-flex\">\n<h3 class=\"wp-block-heading\">5.1 Betroffenenrechte<\/h3>\n\n\n\n<p>Sie haben im Rahmen der geltenden gesetzlichen Bestimmungen jederzeit das Recht auf unentgeltliche Auskunft \u00fcber Ihre gespeicherten personenbezogenen Daten, deren Herkunft und Empf\u00e4nger und den Zweck der Datenverarbeitung und ggf. ein Recht auf Berichtigung, Sperrung oder L\u00f6schung dieser Daten.<\/p>\n<\/div>\n\n\n\n<div class=\"wp-block-group is-vertical is-layout-flex wp-container-core-group-is-layout-fe9cc265 wp-block-group-is-layout-flex\">\n<h3 class=\"wp-block-heading\">5.2 Beschwerderecht<\/h3>\n\n\n\n<p>Des Weiteren steht Ihnen im Falle datenschutzrechtlicher Verst\u00f6\u00dfe der ordentliche Rechtsweg, sowie ein Beschwerderecht bei der zust\u00e4ndigen Aufsichtsbeh\u00f6rde zu.<br>Zust\u00e4ndige Aufsichtsbeh\u00f6rde f\u00fcr den Datenschutz in der<br><a href=\"https:\/\/www.edoeb.admin.ch\/\">Schweiz ist der Eidgen\u00f6ssische Datenschutz- und \u00d6ffentlichkeitsbeauftragte (ED\u00d6B).<\/a><\/p>\n<\/div>\n\n\n\n<div class=\"wp-block-group is-vertical is-layout-flex wp-container-core-group-is-layout-fe9cc265 wp-block-group-is-layout-flex\">\n<h3 class=\"wp-block-heading\">5.3 Widerruf einer Einwilligung<\/h3>\n\n\n\n<p>Einige Datenverarbeitungsvorg\u00e4nge sind nur mit Ihrer ausdr\u00fccklichen Einwilligung m\u00f6glich, wie z.B. die Zusendung des unter Punkt 8 unten beschriebenen Newsletters. Sie k\u00f6nnen eine bereits erteilte Einwilligung jederzeit widerrufen. Dazu reicht eine formlose Mitteilung per E-Mail an uns.<\/p>\n\n\n\n<p>Die Rechtm\u00e4\u00dfigkeit der bis zum Widerruf erfolgten Datenverarbeitung bleibt vom Widerruf unber\u00fchrt.<\/p>\n<\/div>\n\n\n\n<div class=\"wp-block-group is-vertical is-layout-flex wp-container-core-group-is-layout-fe9cc265 wp-block-group-is-layout-flex\">\n<h3 class=\"wp-block-heading\">5.4 DS-GVO<\/h3>\n\n\n\n<p>Obwohl wir als schweizerisches Unternehmen dem schweizerischen Datenschutzgesetz unterliegen, bem\u00fchen wir uns f\u00fcr Nutzer aus der EU auch dem Standard der am 25. Mai 2018 in Kraft getretenen EU Datenschutzgrundverordnung (\u00abDS-GVO\u00bb) zu entsprechen.<\/p>\n\n\n\n<p>Sollten Sie besondere Betroffenenrechte unter der DS-GVO geltend machen k\u00f6nnen oder sonstige diesbez\u00fcgliche Anliegen haben, kontaktieren Sie uns bitte unter der in Punkt 2 oben angegebenen Adresse.<\/p>\n<\/div>\n<\/div>\n\n\n\n<div class=\"wp-block-group is-vertical is-layout-flex wp-container-core-group-is-layout-ab79abe2 wp-block-group-is-layout-flex\" style=\"padding-top:var(--wp--preset--spacing--30);padding-bottom:var(--wp--preset--spacing--30)\">\n<h2 class=\"wp-block-heading\">6. Technische und Organisatorische Massnahmen<\/h2>\n\n\n\n<p>Diese Website nutzt aus Sicherheitsgr\u00fcnden und zum Schutz der \u00dcbertragung vertraulicher Inhalte, wie zum Beispiel Bestellungen oder Anfragen, die Sie an uns als Webseitenbetreiber senden, eine SSL-bzw. TLS-Verschl\u00fcsselung. Eine verschl\u00fcsselte Verbindung erkennen Sie daran, dass die Adresszeile des Browsers von \u201chttp:\/\/\u201d auf \u201chttps:\/\/\u201d wechselt und an dem Schloss-Symbol in Ihrer Browserzeile.<\/p>\n\n\n\n<p>Wenn die SSL- bzw. TLS-Verschl\u00fcsselung aktiviert ist, k\u00f6nnen die Daten, die Sie an uns \u00fcbermitteln, nicht von Dritten mitgelesen werden.<\/p>\n\n\n\n<p>Wir weisen jedoch darauf hin, dass die Daten\u00fcbertragung im Internet (z.B. bei der Kommunikation per E-Mail) Sicherheitsl\u00fccken aufweisen kann. Ein l\u00fcckenloser Schutz der Daten vor dem Zugriff durch Dritte ist nicht m\u00f6glich.<\/p>\n<\/div>\n\n\n\n<div class=\"wp-block-group is-vertical is-layout-flex wp-container-core-group-is-layout-ab79abe2 wp-block-group-is-layout-flex\" style=\"padding-top:var(--wp--preset--spacing--30);padding-bottom:var(--wp--preset--spacing--30)\">\n<h2 class=\"wp-block-heading\">7. Cookies, Analyse-Tools und Plug-ins von Drittanbietern<\/h2>\n\n\n\n<p>Beim Besuch unserer Website k\u00f6nnen personenbezogene Daten und auch Ihr Surf-Verhalten von Drittanbietern im Ausland statistisch ausgewertet werden. Das geschieht vor allem mit Cookies und mit sogenannten Analyseprogrammen und Plug-Ins.<\/p>\n\n\n\n<p>In einigen F\u00e4llen k\u00f6nnen Sie durch technische Einstellungen einer solchen Datenerhebung und \u2013bearbeitung entgegenwirken. Bitte beachten Sie jedoch, dass in diesem Fall einige der Funktionen der Website entsprechend nicht voll genutzt werden k\u00f6nnen.<\/p>\n\n\n\n<div class=\"wp-block-group is-vertical is-layout-flex wp-container-core-group-is-layout-fe9cc265 wp-block-group-is-layout-flex\">\n<h3 class=\"wp-block-heading\">7.1 Cookies<\/h3>\n\n\n\n<p>Die Internetseiten verwenden teilweise so genannte Cookies. Cookies richten auf Ihrem Rechner keinen Schaden an und enthalten keine Viren. Cookies dienen dazu, unser Angebot nutzerfreundlicher, effektiver und sicherer zu machen. Cookies sind kleine Textdateien, die auf Ihrem Rechner abgelegt werden und die Ihr Browser speichert.<\/p>\n\n\n\n<p>Die meisten der von uns verwendeten Cookies sind so genannte \u201cSession-Cookies\u201d. Sie werden nach Ende Ihres Besuchs automatisch gel\u00f6scht. Andere Cookies bleiben auf Ihrem Endger\u00e4t gespeichert bis Sie diese l\u00f6schen. Diese Cookies erm\u00f6glichen es uns, Ihren Browser beim n\u00e4chsten Besuch wiederzuerkennen.<\/p>\n\n\n\n<p>Sie k\u00f6nnen Ihren Browser so einstellen, dass Sie \u00fcber das Setzen von Cookies informiert werden und Cookies nur im Einzelfall erlauben, die Annahme von Cookies f\u00fcr bestimmte F\u00e4lle oder generell ausschlie\u00dfen sowie das automatische L\u00f6schen der Cookies beim Schlie\u00dfen des Browser aktivieren. Bei der Deaktivierung von Cookies kann die Funktionalit\u00e4t dieser Website eingeschr\u00e4nkt sein.<\/p>\n\n\n\n<p>Cookies, die zur Durchf\u00fchrung des elektronischen Kommunikationsvorgangs oder zur Bereitstellung bestimmter, von Ihnen erw\u00fcnschter Funktionen (z.B. Warenkorbfunktion) erforderlich sind, werden gespeichert. Der Websitebetreiber hat ein berechtigtes Interesse an der Speicherung von Cookies zur technisch fehlerfreien und optimierten Bereitstellung seiner Dienste. Soweit andere Cookies (z.B. Cookies zur Analyse Ihres Surfverhaltens) gespeichert werden, werden diese in dieser Datenschutzerkl\u00e4rung gesondert beschrieben.<\/p>\n<\/div>\n\n\n\n<div class=\"wp-block-group is-vertical is-layout-flex wp-container-core-group-is-layout-fe9cc265 wp-block-group-is-layout-flex\">\n<h3 class=\"wp-block-heading\">7.2 Server-Log-Dateien<\/h3>\n\n\n\n<p>Der Provider der Seiten erhebt und speichert automatisch Informationen in so genannten Server-Log-Dateien, die Ihr Browser automatisch an uns \u00fcbermittelt. Dies sind:<\/p>\n\n\n\n<ul class=\"wp-block-list\">\n<li>Browsertyp und Browserversion<\/li>\n\n\n\n<li>verwendetes Betriebssystem<\/li>\n\n\n\n<li>Referrer URL<\/li>\n\n\n\n<li>Hostname des zugreifenden Rechners<\/li>\n\n\n\n<li>Uhrzeit der Serveranfrage<\/li>\n\n\n\n<li>IP-Adresse<\/li>\n<\/ul>\n\n\n\n<p>Eine Zusammenf\u00fchrung dieser Daten mit anderen Datenquellen wird nicht vorgenommen.<\/p>\n\n\n\n<p>Der Webseitenbetreiber hat ein berechtigtes Interesse an der technisch fehlerfreien Darstellung und der Optimierung seiner Webseite \u2013 hierzu m\u00fcssen die Server-Log-Files erfasst werden.<\/p>\n<\/div>\n\n\n\n<div class=\"wp-block-group is-vertical is-layout-flex wp-container-core-group-is-layout-fe9cc265 wp-block-group-is-layout-flex\">\n<h3 class=\"wp-block-heading\">7.3 Elektronischer Versand<\/h3>\n\n\n\n<p><strong>7.3.1 E-Mails und Newsletter<\/strong><\/p>\n\n\n\n<p>Wer uns eine E-Mail-Adresse mitteilt, kann Informationen (wie z. B. Zahlungsbest\u00e4tigungen, Veranstaltungshinweise) per E-Mail erhalten. Der regelm\u00e4ssige Versand von Informationen, insbesondere des Newsletters, erfolgt nur mit Einwilligung der interessierten Person. Wer unseren Newsletter nicht mehr erhalten m\u00f6chte, kann sich einfach und schnell \u00fcber den Abmeldelink abmelden, der in jedem Newsletter enthalten ist.<\/p>\n<\/div>\n\n\n\n<div class=\"wp-block-group is-vertical is-layout-flex wp-container-core-group-is-layout-fe9cc265 wp-block-group-is-layout-flex\">\n<h3 class=\"wp-block-heading\">7.4 Google Analytics<\/h3>\n\n\n\n<p>Diese Website nutzt Funktionen des Webanalysedienstes Google Analytics. Anbieter ist die Google Inc., 1600 Amphitheatre Parkway, Mountain View, CA 94043, USA.<\/p>\n\n\n\n<p>Google Analytics verwendet so genannte \u201eCookies\u201c. Das sind Textdateien, die auf Ihrem Computer gespeichert werden und die eine Analyse der Benutzung der Website durch Sie erm\u00f6glichen. Die durch den Cookie erzeugten Informationen \u00fcber Ihre Benutzung dieser Website werden in der Regel an einen Server von Google in den USA \u00fcbertragen und dort gespeichert.<\/p>\n\n\n\n<p>Der Webseitenbetreiber hat ein berechtigtes Interesse an der Analyse des Nutzerverhaltens, um sowohl sein Webangebot als auch seine Werbung zu optimieren.<\/p>\n\n\n\n<p><strong>7.4.1 IP Anonymisierung<\/strong><\/p>\n\n\n\n<p>Wir haben auf dieser Website die Funktion IP-Anonymisierung aktiviert. Dadurch wird Ihre IP-Adresse von Google innerhalb von Mitgliedstaaten der Europ\u00e4ischen Union oder in anderen Vertragsstaaten des Abkommens \u00fcber den Europ\u00e4ischen Wirtschaftsraum vor der \u00dcbermittlung in die USA gek\u00fcrzt. Nur in Ausnahmef\u00e4llen wird die volle IP-Adresse an einen Server von Google in den USA \u00fcbertragen und dort gek\u00fcrzt. Im Auftrag des Betreibers dieser Website wird Google diese Informationen benutzen, um Ihre Nutzung der Website auszuwerten, um Reports \u00fcber die Websiteaktivit\u00e4ten zusammenzustellen und um weitere mit der Websitenutzung und der Internetnutzung verbundene Dienstleistungen gegen\u00fcber dem Websitebetreiber zu erbringen. Die im Rahmen von Google Analytics von Ihrem Browser \u00fcbermittelte IP-Adresse wird nicht mit anderen Daten von Google zusammengef\u00fchrt.<\/p>\n\n\n\n<p><strong>7.4.2 Google Browser Plugin<\/strong><\/p>\n\n\n\n<p>Sie k\u00f6nnen die Speicherung der Cookies durch eine entsprechende Einstellung Ihrer Browser-Software verhindern; wir weisen Sie jedoch darauf hin, dass Sie in diesem Fall gegebenenfalls nicht s\u00e4mtliche Funktionen dieser Website vollumf\u00e4nglich werden nutzen k\u00f6nnen. Sie k\u00f6nnen dar\u00fcber hinaus die Erfassung der durch den Cookie erzeugten und auf Ihre Nutzung der Website bezogenen Daten (inkl. Ihrer IP-Adresse) an Google sowie die Verarbeitung dieser Daten durch Google verhindern, indem Sie das unter dem folgenden Link verf\u00fcgbare Browser-Plugin herunterladen und installieren: <a href=\"https:\/\/tools.google.com\/dlpage\/gaoptout?hl=de\">https:\/\/tools.google.com\/dlpage\/gaoptout?hl=de.<\/a><\/p>\n\n\n\n<p><strong>7.4.3 Widerspruch gegen diese Datenerfassung<\/strong><\/p>\n\n\n\n<p>Sie k\u00f6nnen die Erfassung Ihrer Daten durch Google Analytics verhindern, indem Sie auf folgenden Link klicken. Es wird ein Opt-Out-Cookie gesetzt, der die Erfassung Ihrer Daten bei zuk\u00fcnftigen Besuchen dieser Website verhindert: Google Analytics deaktivieren.<\/p>\n\n\n\n<p>Mehr Informationen zum Umgang mit Nutzerdaten bei Google Analytics finden Sie in der Datenschutzerkl\u00e4rung von Google: <a href=\"https:\/\/support.google.com\/analytics\/answer\/6004245?hl=de\">https:\/\/support.google.com\/analytics\/answer\/6004245?hl=de<\/a>.<\/p>\n\n\n\n<p><strong>7.4.4 Auftragsdatenverarbeitung<\/strong><\/p>\n\n\n\n<p>Wir haben mit Google den auf ihrer Website ver\u00f6ffentlichten Standard-Vertrag zur Auftragsdatenverarbeitung abgeschlossen, in welchem Google die Einhaltung der europ\u00e4ischen Datenschutzbestimmungen gew\u00e4hrleistet.<\/p>\n\n\n\n<p><strong>7.4.5 Demografische Merkmale bei Google Analytics<\/strong><\/p>\n\n\n\n<p>Diese Website nutzt die Funktion \u201cdemografische Merkmale\u201d von Google Analytics. Dadurch k\u00f6nnen Berichte erstellt werden, die Aussagen zu Alter, Geschlecht und Interessen der Seitenbesucher enthalten. Diese Daten stammen aus interessenbezogener Werbung von Google sowie aus Besucherdaten von Drittanbietern. Diese Daten k\u00f6nnen keiner bestimmten Person zugeordnet werden. Sie k\u00f6nnen diese Funktion jederzeit \u00fcber die Anzeigeneinstellungen in Ihrem Google-Konto deaktivieren oder die Erfassung Ihrer Daten durch Google Analytics wie im Punkt \u201cWiderspruch gegen Datenerfassung\u201d dargestellt generell untersagen.<\/p>\n<\/div>\n<\/div>\n","protected":false},"excerpt":{"rendered":"<p>Datenschutzerkl\u00e4rung 1. Allgemeine Hinweise Wenn Sie diese Website benutzen, werden verschiedene personenbezogene Daten erhoben und bearbeitet. Personenbezogene Daten sind Daten, mit denen Sie pers\u00f6nlich identifiziert werden k\u00f6nnen. Die Betreiber dieser Website nehmen den Schutz Ihrer personenbezogenen Daten sehr ernst. Wir behandeln Ihre personenbezogenen Daten vertraulich und entsprechend der gesetzlichen Datenschutzvorschriften sowie dieser Datenschutzerkl\u00e4rung. Durch die [&hellip;]<\/p>\n","protected":false},"author":3,"featured_media":0,"parent":0,"menu_order":0,"comment_status":"closed","ping_status":"closed","template":"page-no-title","meta":{"footnotes":""},"class_list":["post-638","page","type-page","status-publish","hentry"],"yoast_head":"<!-- This site is optimized with the Yoast SEO plugin v25.2 - https:\/\/yoast.com\/wordpress\/plugins\/seo\/ -->\n<title>Datenschutzerkl\u00e4rung - Zukunftsrat Zentrum<\/title>\n<meta name=\"robots\" content=\"noindex, follow, max-snippet:-1, max-image-preview:large, max-video-preview:-1\" \/>\n<meta property=\"og:locale\" content=\"en_US\" \/>\n<meta property=\"og:type\" content=\"article\" \/>\n<meta property=\"og:title\" content=\"Datenschutzerkl\u00e4rung - Zukunftsrat Zentrum\" \/>\n<meta property=\"og:description\" content=\"Datenschutzerkl\u00e4rung 1. Allgemeine Hinweise Wenn Sie diese Website benutzen, werden verschiedene personenbezogene Daten erhoben und bearbeitet. Personenbezogene Daten sind Daten, mit denen Sie pers\u00f6nlich identifiziert werden k\u00f6nnen. Die Betreiber dieser Website nehmen den Schutz Ihrer personenbezogenen Daten sehr ernst. Wir behandeln Ihre personenbezogenen Daten vertraulich und entsprechend der gesetzlichen Datenschutzvorschriften sowie dieser Datenschutzerkl\u00e4rung. Durch die [&hellip;]\" \/>\n<meta property=\"og:url\" content=\"https:\/\/zukunftsrat-zentrum.ch\/?page_id=638\" \/>\n<meta property=\"og:site_name\" content=\"Zukunftsrat Zentrum\" \/>\n<meta name=\"twitter:card\" content=\"summary_large_image\" \/>\n<meta name=\"twitter:label1\" content=\"Est. reading time\" \/>\n\t<meta name=\"twitter:data1\" content=\"8 minutes\" \/>\n<script type=\"application\/ld+json\" class=\"yoast-schema-graph\">{\"@context\":\"https:\/\/schema.org\",\"@graph\":[{\"@type\":\"WebPage\",\"@id\":\"https:\/\/zukunftsrat-zentrum.ch\/?page_id=638\",\"url\":\"https:\/\/zukunftsrat-zentrum.ch\/?page_id=638\",\"name\":\"Datenschutzerkl\u00e4rung - Zukunftsrat Zentrum\",\"isPartOf\":{\"@id\":\"https:\/\/zukunftsrat-zentrum.ch\/#website\"},\"datePublished\":\"2025-08-25T21:12:21+00:00\",\"breadcrumb\":{\"@id\":\"https:\/\/zukunftsrat-zentrum.ch\/?page_id=638#breadcrumb\"},\"inLanguage\":\"en-US\",\"potentialAction\":[{\"@type\":\"ReadAction\",\"target\":[\"https:\/\/zukunftsrat-zentrum.ch\/?page_id=638\"]}]},{\"@type\":\"BreadcrumbList\",\"@id\":\"https:\/\/zukunftsrat-zentrum.ch\/?page_id=638#breadcrumb\",\"itemListElement\":[{\"@type\":\"ListItem\",\"position\":1,\"name\":\"Home\",\"item\":\"https:\/\/zukunftsrat-zentrum.ch\/\"},{\"@type\":\"ListItem\",\"position\":2,\"name\":\"Datenschutzerkl\u00e4rung\"}]},{\"@type\":\"WebSite\",\"@id\":\"https:\/\/zukunftsrat-zentrum.ch\/#website\",\"url\":\"https:\/\/zukunftsrat-zentrum.ch\/\",\"name\":\"Zukunftsrat Zentrum\",\"description\":\"\",\"publisher\":{\"@id\":\"https:\/\/zukunftsrat-zentrum.ch\/#organization\"},\"potentialAction\":[{\"@type\":\"SearchAction\",\"target\":{\"@type\":\"EntryPoint\",\"urlTemplate\":\"https:\/\/zukunftsrat-zentrum.ch\/?s={search_term_string}\"},\"query-input\":{\"@type\":\"PropertyValueSpecification\",\"valueRequired\":true,\"valueName\":\"search_term_string\"}}],\"inLanguage\":\"en-US\"},{\"@type\":\"Organization\",\"@id\":\"https:\/\/zukunftsrat-zentrum.ch\/#organization\",\"name\":\"Zukunftsrat Zentrum\",\"url\":\"https:\/\/zukunftsrat-zentrum.ch\/\",\"logo\":{\"@type\":\"ImageObject\",\"inLanguage\":\"en-US\",\"@id\":\"https:\/\/zukunftsrat-zentrum.ch\/#\/schema\/logo\/image\/\",\"url\":\"https:\/\/zukunftsrat-zentrum.ch\/wp-content\/uploads\/2025\/06\/Logo_Zukunftsrat.png\",\"contentUrl\":\"https:\/\/zukunftsrat-zentrum.ch\/wp-content\/uploads\/2025\/06\/Logo_Zukunftsrat.png\",\"width\":500,\"height\":354,\"caption\":\"Zukunftsrat Zentrum\"},\"image\":{\"@id\":\"https:\/\/zukunftsrat-zentrum.ch\/#\/schema\/logo\/image\/\"}}]}<\/script>\n<!-- \/ Yoast SEO plugin. -->","yoast_head_json":{"title":"Datenschutzerkl\u00e4rung - Zukunftsrat Zentrum","robots":{"index":"noindex","follow":"follow","max-snippet":"max-snippet:-1","max-image-preview":"max-image-preview:large","max-video-preview":"max-video-preview:-1"},"og_locale":"en_US","og_type":"article","og_title":"Datenschutzerkl\u00e4rung - Zukunftsrat Zentrum","og_description":"Datenschutzerkl\u00e4rung 1. Allgemeine Hinweise Wenn Sie diese Website benutzen, werden verschiedene personenbezogene Daten erhoben und bearbeitet. Personenbezogene Daten sind Daten, mit denen Sie pers\u00f6nlich identifiziert werden k\u00f6nnen. Die Betreiber dieser Website nehmen den Schutz Ihrer personenbezogenen Daten sehr ernst. Wir behandeln Ihre personenbezogenen Daten vertraulich und entsprechend der gesetzlichen Datenschutzvorschriften sowie dieser Datenschutzerkl\u00e4rung. Durch die [&hellip;]","og_url":"https:\/\/zukunftsrat-zentrum.ch\/?page_id=638","og_site_name":"Zukunftsrat Zentrum","twitter_card":"summary_large_image","twitter_misc":{"Est. reading time":"8 minutes"},"schema":{"@context":"https:\/\/schema.org","@graph":[{"@type":"WebPage","@id":"https:\/\/zukunftsrat-zentrum.ch\/?page_id=638","url":"https:\/\/zukunftsrat-zentrum.ch\/?page_id=638","name":"Datenschutzerkl\u00e4rung - Zukunftsrat Zentrum","isPartOf":{"@id":"https:\/\/zukunftsrat-zentrum.ch\/#website"},"datePublished":"2025-08-25T21:12:21+00:00","breadcrumb":{"@id":"https:\/\/zukunftsrat-zentrum.ch\/?page_id=638#breadcrumb"},"inLanguage":"en-US","potentialAction":[{"@type":"ReadAction","target":["https:\/\/zukunftsrat-zentrum.ch\/?page_id=638"]}]},{"@type":"BreadcrumbList","@id":"https:\/\/zukunftsrat-zentrum.ch\/?page_id=638#breadcrumb","itemListElement":[{"@type":"ListItem","position":1,"name":"Home","item":"https:\/\/zukunftsrat-zentrum.ch\/"},{"@type":"ListItem","position":2,"name":"Datenschutzerkl\u00e4rung"}]},{"@type":"WebSite","@id":"https:\/\/zukunftsrat-zentrum.ch\/#website","url":"https:\/\/zukunftsrat-zentrum.ch\/","name":"Zukunftsrat Zentrum","description":"","publisher":{"@id":"https:\/\/zukunftsrat-zentrum.ch\/#organization"},"potentialAction":[{"@type":"SearchAction","target":{"@type":"EntryPoint","urlTemplate":"https:\/\/zukunftsrat-zentrum.ch\/?s={search_term_string}"},"query-input":{"@type":"PropertyValueSpecification","valueRequired":true,"valueName":"search_term_string"}}],"inLanguage":"en-US"},{"@type":"Organization","@id":"https:\/\/zukunftsrat-zentrum.ch\/#organization","name":"Zukunftsrat Zentrum","url":"https:\/\/zukunftsrat-zentrum.ch\/","logo":{"@type":"ImageObject","inLanguage":"en-US","@id":"https:\/\/zukunftsrat-zentrum.ch\/#\/schema\/logo\/image\/","url":"https:\/\/zukunftsrat-zentrum.ch\/wp-content\/uploads\/2025\/06\/Logo_Zukunftsrat.png","contentUrl":"https:\/\/zukunftsrat-zentrum.ch\/wp-content\/uploads\/2025\/06\/Logo_Zukunftsrat.png","width":500,"height":354,"caption":"Zukunftsrat Zentrum"},"image":{"@id":"https:\/\/zukunftsrat-zentrum.ch\/#\/schema\/logo\/image\/"}}]}},"_links":{"self":[{"href":"https:\/\/zukunftsrat-zentrum.ch\/index.php?rest_route=\/wp\/v2\/pages\/638","targetHints":{"allow":["GET"]}}],"collection":[{"href":"https:\/\/zukunftsrat-zentrum.ch\/index.php?rest_route=\/wp\/v2\/pages"}],"about":[{"href":"https:\/\/zukunftsrat-zentrum.ch\/index.php?rest_route=\/wp\/v2\/types\/page"}],"author":[{"embeddable":true,"href":"https:\/\/zukunftsrat-zentrum.ch\/index.php?rest_route=\/wp\/v2\/users\/3"}],"replies":[{"embeddable":true,"href":"https:\/\/zukunftsrat-zentrum.ch\/index.php?rest_route=%2Fwp%2Fv2%2Fcomments&post=638"}],"version-history":[{"count":4,"href":"https:\/\/zukunftsrat-zentrum.ch\/index.php?rest_route=\/wp\/v2\/pages\/638\/revisions"}],"predecessor-version":[{"id":647,"href":"https:\/\/zukunftsrat-zentrum.ch\/index.php?rest_route=\/wp\/v2\/pages\/638\/revisions\/647"}],"wp:attachment":[{"href":"https:\/\/zukunftsrat-zentrum.ch\/index.php?rest_route=%2Fwp%2Fv2%2Fmedia&parent=638"}],"curies":[{"name":"wp","href":"https:\/\/api.w.org\/{rel}","templated":true}]}}